{"id":1126,"date":"2024-03-01T23:46:37","date_gmt":"2024-03-01T23:46:37","guid":{"rendered":"https:\/\/gameonfestival.ro\/?page_id=1126"},"modified":"2025-01-11T23:07:54","modified_gmt":"2025-01-11T23:07:54","slug":"awards-inscrieri-jocuri","status":"publish","type":"page","link":"https:\/\/gameonfestival.ro\/index.php\/awards\/awards-inscrieri-jocuri\/","title":{"rendered":"\u00censcrieri jocuri"},"content":{"rendered":"<p>[et_pb_section fb_built=&#8221;1&#8243; next_background_color=&#8221;#091744&#8243; admin_label=&#8221;Header&#8221; _builder_version=&#8221;4.22.2&#8243; background_color=&#8221;#091744&#8243; use_background_color_gradient=&#8221;on&#8221; background_color_gradient_stops=&#8221;#091744 0%|#091744 100%&#8221; background_color_gradient_start=&#8221;#091744&#8243; background_color_gradient_end=&#8221;#091744&#8243; background_image=&#8221;http:\/\/gameonfestival.ro\/wp-content\/uploads\/2023\/11\/Info-Festival-50.jpg&#8221; parallax=&#8221;on&#8221; custom_padding=&#8221;3vw||17vw||false|false&#8221; bottom_divider_style=&#8221;ramp2&#8243; bottom_divider_height=&#8221;24vw&#8221; bottom_divider_flip=&#8221;horizontal&#8221; global_colors_info=&#8221;{}&#8221;][et_pb_row _builder_version=&#8221;4.22.2&#8243; _module_preset=&#8221;default&#8221; custom_padding=&#8221;||28px|||&#8221; global_colors_info=&#8221;{}&#8221;][et_pb_column type=&#8221;4_4&#8243; _builder_version=&#8221;4.22.2&#8243; _module_preset=&#8221;default&#8221; global_colors_info=&#8221;{}&#8221;][et_pb_image src=&#8221;http:\/\/gameonfestival.ro\/wp-content\/uploads\/2024\/03\/Meeple-Awards.png&#8221; title_text=&#8221;Meeple Awards&#8221; _builder_version=&#8221;4.22.2&#8243; _module_preset=&#8221;default&#8221; width=&#8221;48%&#8221; max_width=&#8221;48%&#8221; module_alignment=&#8221;center&#8221; custom_padding=&#8221;||0px|||&#8221; global_colors_info=&#8221;{}&#8221;][\/et_pb_image][\/et_pb_column][\/et_pb_row][et_pb_row column_structure=&#8221;3_5,2_5&#8243; custom_padding_last_edited=&#8221;on|desktop&#8221; disabled_on=&#8221;off|off|off&#8221; _builder_version=&#8221;4.16&#8243; use_background_color_gradient=&#8221;on&#8221; background_color_gradient_direction=&#8221;210deg&#8221; background_color_gradient_stops=&#8221;#00b0db 0%|#1a448b 100%&#8221; background_color_gradient_start=&#8221;#00b0db&#8221; background_color_gradient_end=&#8221;#1a448b&#8221; width=&#8221;90%&#8221; max_width=&#8221;90%&#8221; module_alignment=&#8221;left&#8221; custom_margin=&#8221;||||false&#8221; custom_padding=&#8221;48px|100px|48px|10vw|true|false&#8221; custom_padding_tablet=&#8221;|10vw||10vw||true&#8221; custom_padding_phone=&#8221;60px||||false&#8221; animation_style=&#8221;fold&#8221; animation_direction=&#8221;left&#8221; animation_intensity_fold=&#8221;20%&#8221; border_radii=&#8221;||20px|120px|&#8221; box_shadow_style=&#8221;preset7&#8243; box_shadow_horizontal=&#8221;0px&#8221; box_shadow_vertical=&#8221;3px&#8221; box_shadow_color=&#8221;rgba(255,255,255,0.21)&#8221; use_custom_width=&#8221;on&#8221; width_unit=&#8221;off&#8221; custom_width_percent=&#8221;90%&#8221; locked=&#8221;off&#8221; global_colors_info=&#8221;{}&#8221;][et_pb_column type=&#8221;3_5&#8243; _builder_version=&#8221;4.16&#8243; custom_padding=&#8221;|||&#8221; global_colors_info=&#8221;{}&#8221; custom_padding__hover=&#8221;|||&#8221;][et_pb_divider color=&#8221;#14f1d9&#8243; divider_weight=&#8221;4px&#8221; _builder_version=&#8221;4.16&#8243; max_width=&#8221;80px&#8221; height=&#8221;4px&#8221; locked=&#8221;off&#8221; global_colors_info=&#8221;{}&#8221;][\/et_pb_divider][et_pb_text _builder_version=&#8221;4.22.2&#8243; text_font=&#8221;Lato||||||||&#8221; text_font_size=&#8221;1px&#8221; text_line_height=&#8221;1em&#8221; header_font=&#8221;||||||||&#8221; header_font_size=&#8221;1px&#8221; header_2_font=&#8221;Rubik|700||on|||||&#8221; header_2_font_size=&#8221;44px&#8221; header_2_letter_spacing=&#8221;1px&#8221; header_2_line_height=&#8221;1.3em&#8221; background_layout=&#8221;dark&#8221; width=&#8221;100%&#8221; max_width=&#8221;100%&#8221; header_2_font_size_tablet=&#8221;34px&#8221; header_2_font_size_phone=&#8221;24px&#8221; header_2_font_size_last_edited=&#8221;on|phone&#8221; locked=&#8221;off&#8221; global_colors_info=&#8221;{}&#8221; header_font_size__hover=&#8221;30px&#8221; header_font_size__hover_enabled=&#8221;30px&#8221; header_letter_spacing__hover=&#8221;0px&#8221; header_letter_spacing__hover_enabled=&#8221;0px&#8221; header_text_shadow_style__hover=&#8221;none&#8221; header_text_shadow_style__hover_enabled=&#8221;none&#8221; header_text_shadow_color__hover=&#8221;rgba(0,0,0,0.4)&#8221; header_text_shadow_color__hover_enabled=&#8221;rgba(0,0,0,0.4)&#8221;]<\/p>\n<h2><span style=\"font-size: x-large;\">propune un joc de societate lansat PE PIA\u021aA DIN ROM\u00c2NIA \u00ceN 2024*<\/span><\/h2>\n<p>[\/et_pb_text][\/et_pb_column][et_pb_column type=&#8221;2_5&#8243; _builder_version=&#8221;4.16&#8243; custom_padding=&#8221;48px|||&#8221; custom_padding_tablet=&#8221;0px|||&#8221; custom_padding_phone=&#8221;0px|||&#8221; custom_padding_last_edited=&#8221;on|tablet&#8221; global_colors_info=&#8221;{}&#8221; padding_tablet=&#8221;0px|||&#8221; padding_last_edited=&#8221;on|tablet&#8221; custom_padding__hover=&#8221;|||&#8221; padding_phone=&#8221;0px|||&#8221;][et_pb_button button_url=&#8221;http:\/\/gameonfestival.ro\/wp-content\/uploads\/2025\/01\/Regulament-AWARDS-2025.pdf&#8221; url_new_window=&#8221;on&#8221; button_text=&#8221;Regulament&#8221; button_alignment=&#8221;right&#8221; disabled_on=&#8221;off|off|off&#8221; _builder_version=&#8221;4.23.4&#8243; custom_button=&#8221;on&#8221; button_text_size=&#8221;14px&#8221; button_text_color=&#8221;#091744&#8243; button_bg_color=&#8221;#14f1d9&#8243; button_border_width=&#8221;0px&#8221; button_border_radius=&#8221;100px&#8221; button_letter_spacing=&#8221;1px&#8221; button_font=&#8221;Rubik|500||on|||||&#8221; custom_padding=&#8221;16px|40px|16px|40px|true|true&#8221; button_letter_spacing_last_edited=&#8221;off|desktop&#8221; box_shadow_style=&#8221;preset3&#8243; box_shadow_blur=&#8221;28px&#8221; box_shadow_color=&#8221;rgba(20,241,217,0.24)&#8221; locked=&#8221;off&#8221; global_colors_info=&#8221;{}&#8221; button_letter_spacing__hover=&#8221;2px&#8221; button_letter_spacing__hover_enabled=&#8221;on&#8221;][\/et_pb_button][\/et_pb_column][\/et_pb_row][\/et_pb_section][et_pb_section fb_built=&#8221;1&#8243; admin_label=&#8221;Footer&#8221; _builder_version=&#8221;4.22.2&#8243; background_color=&#8221;#091744&#8243; use_background_color_gradient=&#8221;on&#8221; background_color_gradient_stops=&#8221;#091744 0%|rgba(9,23,68,0) 100%&#8221; background_color_gradient_overlays_image=&#8221;on&#8221; background_color_gradient_start=&#8221;#091744&#8243; background_color_gradient_end=&#8221;rgba(9,23,68,0)&#8221; background_enable_image=&#8221;off&#8221; custom_padding=&#8221;4vw|0px|16vw|0px|false|false&#8221; global_colors_info=&#8221;{}&#8221;][et_pb_row _builder_version=&#8221;4.22.2&#8243; global_colors_info=&#8221;{}&#8221;][et_pb_column type=&#8221;4_4&#8243; _builder_version=&#8221;4.16&#8243; custom_padding=&#8221;|||&#8221; global_colors_info=&#8221;{}&#8221; custom_padding__hover=&#8221;|||&#8221;][et_pb_divider color=&#8221;#14f1d9&#8243; divider_weight=&#8221;4px&#8221; _builder_version=&#8221;4.16&#8243; max_width=&#8221;80px&#8221; height=&#8221;4px&#8221; global_colors_info=&#8221;{}&#8221;][\/et_pb_divider][et_pb_text _builder_version=&#8221;4.22.2&#8243; text_font=&#8221;Lato||||||||&#8221; text_font_size=&#8221;16px&#8221; text_line_height=&#8221;2em&#8221; header_font=&#8221;||||||||&#8221; header_2_font=&#8221;Rubik|700||on|||||&#8221; header_2_font_size=&#8221;42px&#8221; header_2_letter_spacing=&#8221;1px&#8221; header_2_line_height=&#8221;1.3em&#8221; background_layout=&#8221;dark&#8221; header_2_font_size_tablet=&#8221;34px&#8221; header_2_font_size_phone=&#8221;24px&#8221; header_2_font_size_last_edited=&#8221;on|phone&#8221; global_colors_info=&#8221;{}&#8221; header_font_size__hover=&#8221;30px&#8221; header_font_size__hover_enabled=&#8221;30px&#8221; header_letter_spacing__hover=&#8221;0px&#8221; header_letter_spacing__hover_enabled=&#8221;0px&#8221; header_text_shadow_style__hover=&#8221;none&#8221; header_text_shadow_style__hover_enabled=&#8221;none&#8221; header_text_shadow_color__hover=&#8221;rgba(0,0,0,0.4)&#8221; header_text_shadow_color__hover_enabled=&#8221;rgba(0,0,0,0.4)&#8221;]<\/p>\n<h2 style=\"text-align: center;\"><span style=\"font-size: xx-large;\"><b>\u00ee\u021bi punem la dispozi\u021bie dou\u0103 variante prin care po\u021bi propune unul sau mai multe jocuri<\/b><\/span><\/h2>\n<p>[\/et_pb_text][\/et_pb_column][\/et_pb_row][et_pb_row column_structure=&#8221;1_2,1_2&#8243; _builder_version=&#8221;4.22.2&#8243; _module_preset=&#8221;default&#8221; custom_padding=&#8221;||50px|||&#8221; global_colors_info=&#8221;{}&#8221;][et_pb_column type=&#8221;1_2&#8243; _builder_version=&#8221;4.22.2&#8243; _module_preset=&#8221;default&#8221; global_colors_info=&#8221;{}&#8221;][et_pb_text _builder_version=&#8221;4.22.2&#8243; _module_preset=&#8221;default&#8221; text_font=&#8221;Rubik|500|||||||&#8221; text_text_color=&#8221;#FFFFFF&#8221; custom_margin=&#8221;|50px||50px|false|true&#8221; global_colors_info=&#8221;{}&#8221;]<\/p>\n<p style=\"text-align: justify;\"><span style=\"font-size: medium; font-family: inherit; font-weight: normal;\"><strong>VARIANTA 1<\/strong>:<\/span><\/p>\n<p style=\"text-align: justify;\"><span style=\"font-size: medium; font-family: inherit; font-weight: normal;\">Descarc\u0103 tabelul de mai jos, completeaz\u0103-l \u0219i trimite-l completat pe adresa de e-mail <a href=\"mailto:gameonfestival@cdpp.ro\">gameonfestival@cdpp.ro<\/a>. Tabelul trebuie trimis \u00een format editabil.<\/span><\/p>\n<p style=\"text-align: justify;\"><span style=\"font-size: medium; font-family: inherit; font-weight: normal;\">Aceast\u0103 variant\u0103 este potrivit\u0103 pentru localizatorii sau produc\u0103torii care vor s\u0103 propun\u0103 mai multe jocuri.<\/span><\/p>\n<p style=\"text-align: justify;\">[\/et_pb_text][et_pb_button button_url=&#8221;http:\/\/gameonfestival.ro\/wp-content\/uploads\/2025\/01\/tabel-si-regulament-GAME-ON-AWARDS-2025.zip&#8221; button_text=&#8221;DESCARC\u0102 TABEL \u0218I REGULAMENT&#8221; button_alignment=&#8221;center&#8221; module_class=&#8221;download-button&#8221; _builder_version=&#8221;4.23.4&#8243; custom_button=&#8221;on&#8221; button_text_size=&#8221;14px&#8221; button_text_color=&#8221;#091744&#8243; button_bg_color=&#8221;#14f1d9&#8243; button_border_width=&#8221;0px&#8221; button_border_radius=&#8221;100px&#8221; button_letter_spacing=&#8221;1px&#8221; button_font=&#8221;Rubik|500||on|||||&#8221; custom_padding=&#8221;16px|40px|16px|40px|true|true&#8221; button_letter_spacing_last_edited=&#8221;off|desktop&#8221; box_shadow_style=&#8221;preset3&#8243; box_shadow_blur=&#8221;28px&#8221; box_shadow_color=&#8221;rgba(20,241,217,0.24)&#8221; locked=&#8221;off&#8221; global_colors_info=&#8221;{}&#8221; button_letter_spacing__hover=&#8221;2px&#8221; button_letter_spacing__hover_enabled=&#8221;on&#8221;][\/et_pb_button][\/et_pb_column][et_pb_column type=&#8221;1_2&#8243; _builder_version=&#8221;4.22.2&#8243; _module_preset=&#8221;default&#8221; global_colors_info=&#8221;{}&#8221;][et_pb_text _builder_version=&#8221;4.22.2&#8243; _module_preset=&#8221;default&#8221; text_font=&#8221;Rubik|500|||||||&#8221; text_text_color=&#8221;#FFFFFF&#8221; custom_margin=&#8221;|50px||50px|false|true&#8221; global_colors_info=&#8221;{}&#8221;]<\/p>\n<p style=\"text-align: justify;\"><span style=\"font-size: medium; font-family: inherit; font-weight: normal;\"><strong>VARIANTA 2<\/strong>:<\/span><\/p>\n<p style=\"text-align: justify;\"><span style=\"font-size: medium; font-family: inherit; font-weight: normal;\">Completeaz\u0103 formularul de mai jos. Acesta are mai multe sec\u021biuni, trebuie completate toate, iar la final se va ap\u0103sa pe butonul trimite\/submit.<\/span><\/p>\n<p style=\"text-align: justify;\"><span style=\"font-size: medium; font-family: inherit; font-weight: normal;\">Aceast\u0103 variant\u0103 este potrivit\u0103 pentru produc\u0103torii sau localizatorii care vor s\u0103 propun\u0103 un singur joc.<\/span><\/p>\n<p style=\"text-align: justify;\"><span style=\"font-size: medium; font-family: inherit; font-weight: normal;\">\u00a0<\/span><\/p>\n<p>[\/et_pb_text][\/et_pb_column][\/et_pb_row][et_pb_row disabled_on=&#8221;on|on|off&#8221; _builder_version=&#8221;4.22.2&#8243; custom_margin=&#8221;||||false|false&#8221; custom_padding=&#8221;0|0px|0|0px|false|false&#8221; border_radii=&#8221;on|20px|20px|20px|20px&#8221; box_shadow_style=&#8221;preset1&#8243; box_shadow_vertical=&#8221;-60px&#8221; box_shadow_blur=&#8221;300px&#8221; box_shadow_spread=&#8221;30px&#8221; box_shadow_color=&#8221;#111031&#8243; locked=&#8221;off&#8221; global_colors_info=&#8221;{}&#8221;][et_pb_column type=&#8221;4_4&#8243; _builder_version=&#8221;4.16&#8243; custom_padding=&#8221;|||&#8221; global_colors_info=&#8221;{}&#8221; custom_padding__hover=&#8221;|||&#8221;][et_pb_code _builder_version=&#8221;4.23.4&#8243; _module_preset=&#8221;default&#8221; hover_enabled=&#8221;0&#8243; global_colors_info=&#8221;{}&#8221; sticky_enabled=&#8221;0&#8243;]<\/p>\n<div style=\"width: 100%; height: 1000px; overflow: auto;\"><!-- [et_pb_line_break_holder] --><iframe loading=\"lazy\" src=\"https:\/\/docs.google.com\/forms\/d\/e\/1FAIpQLSdEGYZKxwe98OFytNXyuZxCylbkatzxGwu95PahtMss4GW6Pg\/viewform?usp=sharing\" width=\"100%\" height=\"90%\"><\/iframe><!-- [et_pb_line_break_holder] --><\/div>\n<p>[\/et_pb_code][\/et_pb_column][\/et_pb_row][et_pb_row disabled_on=&#8221;off|off|on&#8221; _builder_version=&#8221;4.22.2&#8243; custom_margin=&#8221;||||false|false&#8221; custom_padding=&#8221;0|0px|0|0px|false|false&#8221; border_radii=&#8221;on|20px|20px|20px|20px&#8221; box_shadow_style=&#8221;preset1&#8243; box_shadow_vertical=&#8221;-60px&#8221; box_shadow_blur=&#8221;300px&#8221; box_shadow_spread=&#8221;30px&#8221; box_shadow_color=&#8221;#111031&#8243; locked=&#8221;off&#8221; global_colors_info=&#8221;{}&#8221;][et_pb_column type=&#8221;4_4&#8243; _builder_version=&#8221;4.16&#8243; custom_padding=&#8221;|||&#8221; global_colors_info=&#8221;{}&#8221; custom_padding__hover=&#8221;|||&#8221;][et_pb_code _builder_version=&#8221;4.23.4&#8243; _module_preset=&#8221;default&#8221; hover_enabled=&#8221;0&#8243; global_colors_info=&#8221;{}&#8221; sticky_enabled=&#8221;0&#8243;]<\/p>\n<div style=\"width: 100%; height: 1000px; overflow: auto;\"><!-- [et_pb_line_break_holder] -->    <iframe loading=\"lazy\" src=\"https:\/\/docs.google.com\/forms\/d\/e\/1FAIpQLSdEGYZKxwe98OFytNXyuZxCylbkatzxGwu95PahtMss4GW6Pg\/viewform?usp=sharing\" width=\"100%\" height=\"90%\"><\/iframe><!-- [et_pb_line_break_holder] --><\/div>\n<p>[\/et_pb_code][\/et_pb_column][\/et_pb_row][\/et_pb_section]<\/p>\n","protected":false},"excerpt":{"rendered":"<p>propune un joc de societate lansat PE PIA\u021aA DIN ROM\u00c2NIA \u00ceN 2024*\u00ee\u021bi punem la dispozi\u021bie dou\u0103 variante prin care po\u021bi propune unul sau mai multe jocuriVARIANTA 1: Descarc\u0103 tabelul de mai jos, completeaz\u0103-l \u0219i trimite-l completat pe adresa de e-mail gameonfestival@cdpp.ro. Tabelul trebuie trimis \u00een format editabil. Aceast\u0103 variant\u0103 este potrivit\u0103 pentru localizatorii sau produc\u0103torii [&hellip;]<\/p>\n","protected":false},"author":1,"featured_media":0,"parent":1096,"menu_order":0,"comment_status":"closed","ping_status":"closed","template":"","meta":{"_et_pb_use_builder":"on","_et_pb_old_content":"","_et_gb_content_width":"","_monsterinsights_skip_tracking":false,"_monsterinsights_sitenote_active":false,"_monsterinsights_sitenote_note":"","_monsterinsights_sitenote_category":0,"footnotes":""},"aioseo_notices":[],"_links":{"self":[{"href":"https:\/\/gameonfestival.ro\/index.php\/wp-json\/wp\/v2\/pages\/1126"}],"collection":[{"href":"https:\/\/gameonfestival.ro\/index.php\/wp-json\/wp\/v2\/pages"}],"about":[{"href":"https:\/\/gameonfestival.ro\/index.php\/wp-json\/wp\/v2\/types\/page"}],"author":[{"embeddable":true,"href":"https:\/\/gameonfestival.ro\/index.php\/wp-json\/wp\/v2\/users\/1"}],"replies":[{"embeddable":true,"href":"https:\/\/gameonfestival.ro\/index.php\/wp-json\/wp\/v2\/comments?post=1126"}],"version-history":[{"count":23,"href":"https:\/\/gameonfestival.ro\/index.php\/wp-json\/wp\/v2\/pages\/1126\/revisions"}],"predecessor-version":[{"id":2528,"href":"https:\/\/gameonfestival.ro\/index.php\/wp-json\/wp\/v2\/pages\/1126\/revisions\/2528"}],"up":[{"embeddable":true,"href":"https:\/\/gameonfestival.ro\/index.php\/wp-json\/wp\/v2\/pages\/1096"}],"wp:attachment":[{"href":"https:\/\/gameonfestival.ro\/index.php\/wp-json\/wp\/v2\/media?parent=1126"}],"curies":[{"name":"wp","href":"https:\/\/api.w.org\/{rel}","templated":true}]}}