{"id":1163,"date":"2024-03-02T11:27:52","date_gmt":"2024-03-02T11:27:52","guid":{"rendered":"https:\/\/gameonfestival.ro\/?page_id=1163"},"modified":"2025-01-11T23:04:32","modified_gmt":"2025-01-11T23:04:32","slug":"awards-comisei-jurizare","status":"publish","type":"page","link":"https:\/\/gameonfestival.ro\/index.php\/awards\/awards-comisei-jurizare\/","title":{"rendered":"\u00censcrieri Comisie Jurizare"},"content":{"rendered":"<p>[et_pb_section fb_built=&#8221;1&#8243; next_background_color=&#8221;#091744&#8243; admin_label=&#8221;Header&#8221; _builder_version=&#8221;4.22.2&#8243; background_color=&#8221;#091744&#8243; use_background_color_gradient=&#8221;on&#8221; background_color_gradient_stops=&#8221;#091744 0%|#091744 100%&#8221; background_color_gradient_start=&#8221;#091744&#8243; background_color_gradient_end=&#8221;#091744&#8243; background_image=&#8221;http:\/\/gameonfestival.ro\/wp-content\/uploads\/2023\/11\/Info-Festival-50.jpg&#8221; parallax=&#8221;on&#8221; custom_padding=&#8221;0vw||17vw||false|false&#8221; bottom_divider_style=&#8221;ramp2&#8243; bottom_divider_height=&#8221;24vw&#8221; bottom_divider_flip=&#8221;horizontal&#8221; global_colors_info=&#8221;{}&#8221;][et_pb_row _builder_version=&#8221;4.22.2&#8243; _module_preset=&#8221;default&#8221; custom_padding=&#8221;||28px|||&#8221; global_colors_info=&#8221;{}&#8221;][et_pb_column type=&#8221;4_4&#8243; _builder_version=&#8221;4.22.2&#8243; _module_preset=&#8221;default&#8221; global_colors_info=&#8221;{}&#8221;][et_pb_image src=&#8221;http:\/\/gameonfestival.ro\/wp-content\/uploads\/2024\/03\/Meeple-Awards.png&#8221; title_text=&#8221;Meeple Awards&#8221; _builder_version=&#8221;4.22.2&#8243; _module_preset=&#8221;default&#8221; width=&#8221;44.5%&#8221; max_width=&#8221;48%&#8221; module_alignment=&#8221;center&#8221; custom_padding=&#8221;||0px|||&#8221; global_colors_info=&#8221;{}&#8221;][\/et_pb_image][\/et_pb_column][\/et_pb_row][et_pb_row column_structure=&#8221;3_5,2_5&#8243; custom_padding_last_edited=&#8221;on|desktop&#8221; disabled_on=&#8221;off|off|off&#8221; _builder_version=&#8221;4.16&#8243; use_background_color_gradient=&#8221;on&#8221; background_color_gradient_direction=&#8221;210deg&#8221; background_color_gradient_stops=&#8221;#00b0db 0%|#1a448b 100%&#8221; background_color_gradient_start=&#8221;#00b0db&#8221; background_color_gradient_end=&#8221;#1a448b&#8221; width=&#8221;90%&#8221; max_width=&#8221;90%&#8221; module_alignment=&#8221;left&#8221; custom_margin=&#8221;||||false&#8221; custom_padding=&#8221;48px|100px|48px|10vw|true|false&#8221; custom_padding_tablet=&#8221;|10vw||10vw||true&#8221; custom_padding_phone=&#8221;60px||||false&#8221; animation_style=&#8221;fold&#8221; animation_direction=&#8221;left&#8221; animation_intensity_fold=&#8221;20%&#8221; border_radii=&#8221;||20px|120px|&#8221; box_shadow_style=&#8221;preset7&#8243; box_shadow_horizontal=&#8221;0px&#8221; box_shadow_vertical=&#8221;3px&#8221; box_shadow_color=&#8221;rgba(255,255,255,0.21)&#8221; use_custom_width=&#8221;on&#8221; width_unit=&#8221;off&#8221; custom_width_percent=&#8221;90%&#8221; locked=&#8221;off&#8221; global_colors_info=&#8221;{}&#8221;][et_pb_column type=&#8221;3_5&#8243; _builder_version=&#8221;4.16&#8243; custom_padding=&#8221;|||&#8221; global_colors_info=&#8221;{}&#8221; custom_padding__hover=&#8221;|||&#8221;][et_pb_divider color=&#8221;#14f1d9&#8243; divider_weight=&#8221;4px&#8221; _builder_version=&#8221;4.16&#8243; max_width=&#8221;80px&#8221; height=&#8221;4px&#8221; locked=&#8221;off&#8221; global_colors_info=&#8221;{}&#8221;][\/et_pb_divider][et_pb_text _builder_version=&#8221;4.23.4&#8243; text_font=&#8221;Lato||||||||&#8221; text_font_size=&#8221;1px&#8221; text_line_height=&#8221;1em&#8221; header_font=&#8221;||||||||&#8221; header_font_size=&#8221;1px&#8221; header_2_font=&#8221;Rubik|700||on|||||&#8221; header_2_font_size=&#8221;44px&#8221; header_2_letter_spacing=&#8221;1px&#8221; header_2_line_height=&#8221;1.3em&#8221; background_layout=&#8221;dark&#8221; width=&#8221;98.1%&#8221; max_width=&#8221;100%&#8221; custom_padding=&#8221;|0px||||&#8221; header_2_font_size_tablet=&#8221;34px&#8221; header_2_font_size_phone=&#8221;24px&#8221; header_2_font_size_last_edited=&#8221;on|phone&#8221; locked=&#8221;off&#8221; global_colors_info=&#8221;{}&#8221; header_font_size__hover=&#8221;30px&#8221; header_font_size__hover_enabled=&#8221;30px&#8221; header_letter_spacing__hover=&#8221;0px&#8221; header_letter_spacing__hover_enabled=&#8221;0px&#8221; header_text_shadow_style__hover=&#8221;none&#8221; header_text_shadow_style__hover_enabled=&#8221;none&#8221; header_text_shadow_color__hover=&#8221;rgba(0,0,0,0.4)&#8221; header_text_shadow_color__hover_enabled=&#8221;rgba(0,0,0,0.4)&#8221;]<\/p>\n<h2 style=\"text-align: center;\"><span style=\"font-size: x-large;\"><span style=\"font-size: large;\">\u00censcrie-te \u00een comisia de jurizare a game on! awards 2025<\/span><\/span><\/h2>\n<p>[\/et_pb_text][\/et_pb_column][et_pb_column type=&#8221;2_5&#8243; _builder_version=&#8221;4.16&#8243; custom_padding=&#8221;48px|||&#8221; custom_padding_tablet=&#8221;0px|||&#8221; custom_padding_phone=&#8221;0px|||&#8221; custom_padding_last_edited=&#8221;on|tablet&#8221; global_colors_info=&#8221;{}&#8221; padding_tablet=&#8221;0px|||&#8221; padding_last_edited=&#8221;on|tablet&#8221; custom_padding__hover=&#8221;|||&#8221; padding_phone=&#8221;0px|||&#8221;][et_pb_button button_url=&#8221;http:\/\/gameonfestival.ro\/wp-content\/uploads\/2025\/01\/Regulament-AWARDS-2025.pdf&#8221; url_new_window=&#8221;on&#8221; button_text=&#8221;Regulament&#8221; button_alignment=&#8221;right&#8221; disabled_on=&#8221;off|off|off&#8221; _builder_version=&#8221;4.23.4&#8243; custom_button=&#8221;on&#8221; button_text_size=&#8221;14px&#8221; button_text_color=&#8221;#091744&#8243; button_bg_color=&#8221;#14f1d9&#8243; button_border_width=&#8221;0px&#8221; button_border_radius=&#8221;100px&#8221; button_letter_spacing=&#8221;1px&#8221; button_font=&#8221;Rubik|500||on|||||&#8221; custom_padding=&#8221;16px|40px|16px|40px|true|true&#8221; button_letter_spacing_last_edited=&#8221;off|desktop&#8221; box_shadow_style=&#8221;preset3&#8243; box_shadow_blur=&#8221;28px&#8221; box_shadow_color=&#8221;rgba(20,241,217,0.24)&#8221; locked=&#8221;off&#8221; global_colors_info=&#8221;{}&#8221; button_letter_spacing__hover=&#8221;2px&#8221; button_letter_spacing__hover_enabled=&#8221;on&#8221;][\/et_pb_button][\/et_pb_column][\/et_pb_row][\/et_pb_section][et_pb_section fb_built=&#8221;1&#8243; admin_label=&#8221;Footer&#8221; _builder_version=&#8221;4.22.2&#8243; background_color=&#8221;#091744&#8243; use_background_color_gradient=&#8221;on&#8221; background_color_gradient_stops=&#8221;#091744 0%|rgba(9,23,68,0) 100%&#8221; background_color_gradient_overlays_image=&#8221;on&#8221; background_color_gradient_start=&#8221;#091744&#8243; background_color_gradient_end=&#8221;rgba(9,23,68,0)&#8221; background_enable_image=&#8221;off&#8221; custom_padding=&#8221;4vw|0px|0vw|0px|false|false&#8221; global_colors_info=&#8221;{}&#8221;][et_pb_row _builder_version=&#8221;4.22.2&#8243; _module_preset=&#8221;default&#8221; custom_padding=&#8221;||50px|||&#8221; global_colors_info=&#8221;{}&#8221;][et_pb_column type=&#8221;4_4&#8243; _builder_version=&#8221;4.22.2&#8243; _module_preset=&#8221;default&#8221; global_colors_info=&#8221;{}&#8221;][et_pb_text _builder_version=&#8221;4.23.4&#8243; _module_preset=&#8221;default&#8221; text_font=&#8221;Rubik|500|||||||&#8221; text_text_color=&#8221;#FFFFFF&#8221; custom_margin=&#8221;|50px||50px|false|true&#8221; global_colors_info=&#8221;{}&#8221;]<\/p>\n<p style=\"text-align: justify;\"><span style=\"font-size: medium; font-family: inherit; font-weight: normal;\">Game ON! Awards este un eveniment dedicat recunoa\u0219terii \u0219i premierii celor mai bune jocuri de societate din Rom\u00e2nia. Scopul nostru este s\u0103 promov\u0103m excelen\u021ba \u00een domeniul jocurilor de societate \u0219i s\u0103 oferim o platform\u0103 pentru recunoa\u0219terea \u0219i aprecierea creativit\u0103\u021bii \u0219i inova\u021biei din industrie<\/span><\/p>\n<p style=\"text-align: justify;\"><span style=\"font-size: medium; font-family: inherit; font-weight: normal;\">Atribu\u021biile principale ale comisiei sunt:<\/span><\/p>\n<p style=\"text-align: justify;\"><span style=\"font-size: medium; font-family: inherit; font-weight: normal;\">1. S\u0103 se asigure c\u0103 jocurile sunt \u00eencadrate \u00een categoriile corecte \u0219i s\u0103 ofere sfaturi \u00een acest sens;<\/span><\/p>\n<p style=\"text-align: justify;\"><span style=\"font-size: medium; font-family: inherit; font-weight: normal;\">2. S\u0103 analizeze jocurile propuse pentru a putea vota \u00een cuno\u0219tin\u021b\u0103 de cauz\u0103;<\/span><\/p>\n<p style=\"text-align: justify;\"><span style=\"font-size: medium; font-family: inherit; font-weight: normal;\">3. S\u0103 voteze \u00een calitate de membru al comisiei de jurizare la cele 4 categorii: Petrecere, Familie, Strategie \u0219i Alegerea Exper\u021bilor.\u00a0<\/span><\/p>\n<p style=\"text-align: justify;\"><strong><span style=\"font-size: medium; font-family: inherit;\">Membrilor comisiei de jurizare care s-au \u00eenscris \u00een anul 2024 li se prelunge\u0219te tacit statutul de membru al comisiei de jurizare pentru anul 2025. Anun\u021bul de retragere din comisie se poate face \u00een perioada alocat\u0103 \u00eenscrierilor \u00een comisie. Dac\u0103 un membru din comisie nu anun\u021b\u0103 retragerea, mandatul va fi prelungit automat.<\/span><\/strong><\/p>\n<p style=\"text-align: justify;\"><strong><span style=\"font-size: medium; font-family: inherit;\">To\u021bi membrii comisiei, indiferent de anul \u00een care s-au \u00eenscris, au acelea\u0219i atribu\u021bii \u0219i responsabilit\u0103\u021bi \u00een cadrul procesului de jurizare.<\/span><\/strong><span style=\"font-size: medium; font-family: inherit; font-weight: normal;\"><span style=\"font-weight: 400;\"><\/span><\/span><\/p>\n<p style=\"text-align: justify;\"><span style=\"font-size: medium; font-family: inherit; font-weight: normal;\"><\/span><\/p>\n<p style=\"text-align: justify;\"><span style=\"font-size: medium; font-family: inherit; font-weight: normal;\"><\/span><\/p>\n<p>[\/et_pb_text][\/et_pb_column][\/et_pb_row][et_pb_row _builder_version=&#8221;4.22.2&#8243; global_colors_info=&#8221;{}&#8221;][et_pb_column type=&#8221;4_4&#8243; _builder_version=&#8221;4.16&#8243; custom_padding=&#8221;|||&#8221; global_colors_info=&#8221;{}&#8221; custom_padding__hover=&#8221;|||&#8221;][et_pb_divider color=&#8221;#14f1d9&#8243; divider_weight=&#8221;4px&#8221; _builder_version=&#8221;4.16&#8243; max_width=&#8221;80px&#8221; height=&#8221;4px&#8221; global_colors_info=&#8221;{}&#8221;][\/et_pb_divider][et_pb_text _builder_version=&#8221;4.22.2&#8243; text_font=&#8221;Lato||||||||&#8221; text_font_size=&#8221;16px&#8221; text_line_height=&#8221;2em&#8221; header_font=&#8221;||||||||&#8221; header_2_font=&#8221;Rubik|700||on|||||&#8221; header_2_font_size=&#8221;42px&#8221; header_2_letter_spacing=&#8221;1px&#8221; header_2_line_height=&#8221;1.3em&#8221; background_layout=&#8221;dark&#8221; header_2_font_size_tablet=&#8221;34px&#8221; header_2_font_size_phone=&#8221;24px&#8221; header_2_font_size_last_edited=&#8221;on|phone&#8221; global_colors_info=&#8221;{}&#8221; header_font_size__hover=&#8221;30px&#8221; header_font_size__hover_enabled=&#8221;30px&#8221; header_letter_spacing__hover=&#8221;0px&#8221; header_letter_spacing__hover_enabled=&#8221;0px&#8221; header_text_shadow_style__hover=&#8221;none&#8221; header_text_shadow_style__hover_enabled=&#8221;none&#8221; header_text_shadow_color__hover=&#8221;rgba(0,0,0,0.4)&#8221; header_text_shadow_color__hover_enabled=&#8221;rgba(0,0,0,0.4)&#8221;]<\/p>\n<h2 style=\"text-align: center;\"><span style=\"font-size: xx-large;\"><b>pentru a te \u00eenscrie \u00een comisia de jurizare \u00een anul 2025, sunt necesari 2 pa\u0219i simpli:<\/b><\/span><\/h2>\n<p>[\/et_pb_text][et_pb_text _builder_version=&#8221;4.22.2&#8243; _module_preset=&#8221;default&#8221; text_font=&#8221;Rubik|500|||||||&#8221; text_text_color=&#8221;#FFFFFF&#8221; custom_margin=&#8221;|50px||50px|false|true&#8221; global_colors_info=&#8221;{}&#8221;]<\/p>\n<p style=\"text-align: justify;\"><span style=\"font-size: medium; font-family: inherit; font-weight: normal;\"><\/span><\/p>\n<p style=\"text-align: justify;\"><span style=\"font-size: medium; font-family: inherit; font-weight: normal;\">Comisia de jurizare este compus\u0103 din ini\u021biatorii festivalului, membrii adi\u021bionali \u00eenscri\u0219i \u00een anul 2024, care nu au renun\u021bat la statutul de membru \u0219i din persoanele care vor s\u0103 se al\u0103ture prin urmarea a doi pa\u0219i simpli.<\/span><\/p>\n<p style=\"text-align: justify;\"><span style=\"font-size: medium; font-family: inherit; font-weight: normal;\"><\/span><\/p>\n<p style=\"text-align: justify;\"><span style=\"font-size: medium; font-family: inherit; font-weight: normal;\"><\/span><\/p>\n<p>[\/et_pb_text][\/et_pb_column][\/et_pb_row][et_pb_row column_structure=&#8221;1_2,1_2&#8243; _builder_version=&#8221;4.22.2&#8243; _module_preset=&#8221;default&#8221; custom_margin=&#8221;-16px|auto||auto||&#8221; global_colors_info=&#8221;{}&#8221;][et_pb_column type=&#8221;1_2&#8243; _builder_version=&#8221;4.22.2&#8243; _module_preset=&#8221;default&#8221; global_colors_info=&#8221;{}&#8221;][et_pb_text _builder_version=&#8221;4.22.2&#8243; _module_preset=&#8221;default&#8221; text_font=&#8221;Rubik|500|||||||&#8221; text_text_color=&#8221;#FFFFFF&#8221; custom_margin=&#8221;|50px|-3px|50px|false|true&#8221; global_colors_info=&#8221;{}&#8221;]<\/p>\n<p style=\"text-align: justify;\"><span style=\"font-size: medium; font-family: inherit; font-weight: normal;\">Pasul 1<\/span><\/p>\n<p style=\"text-align: justify;\"><span style=\"font-size: medium;\">Completarea formularului de mai jos. <\/span><\/p>\n<p style=\"text-align: justify;\"><span style=\"font-size: medium;\">Formularul este simplu \u0219i dureaz\u0103 pu\u021bin completarea efectiv\u0103, dar \u00eenainte de a \u00eencepe completarea, te avertiz\u0103m c\u0103 trebuie s\u0103 faci c\u00e2teva nominaliz\u0103ri ale jocurilor preferate, ceea ce poate s\u0103 \u00ee\u021bi ia pu\u021bin mai mult timp.<\/span><\/p>\n<p style=\"text-align: justify;\"><span style=\"font-size: medium; font-family: inherit; font-weight: normal;\">\u00a0<\/span><\/p>\n<p>[\/et_pb_text][et_pb_button button_url=&#8221;http:\/\/gameonfestival.ro\/wp-content\/uploads\/2025\/01\/Regulament-AWARDS-2025.pdf&#8221; url_new_window=&#8221;on&#8221; button_text=&#8221;VEZI REGULAMENTUL&#8221; button_alignment=&#8221;center&#8221; module_class=&#8221;download-button&#8221; _builder_version=&#8221;4.23.4&#8243; custom_button=&#8221;on&#8221; button_text_size=&#8221;14px&#8221; button_text_color=&#8221;#091744&#8243; button_bg_color=&#8221;#14f1d9&#8243; button_border_width=&#8221;0px&#8221; button_border_radius=&#8221;100px&#8221; button_letter_spacing=&#8221;1px&#8221; button_font=&#8221;Rubik|500||on|||||&#8221; custom_padding=&#8221;16px|40px|16px|40px|true|true&#8221; button_letter_spacing_last_edited=&#8221;off|desktop&#8221; box_shadow_style=&#8221;preset3&#8243; box_shadow_blur=&#8221;28px&#8221; box_shadow_color=&#8221;rgba(20,241,217,0.24)&#8221; locked=&#8221;off&#8221; global_colors_info=&#8221;{}&#8221; button_letter_spacing__hover=&#8221;2px&#8221; button_letter_spacing__hover_enabled=&#8221;on&#8221;][\/et_pb_button][\/et_pb_column][et_pb_column type=&#8221;1_2&#8243; _builder_version=&#8221;4.22.2&#8243; _module_preset=&#8221;default&#8221; global_colors_info=&#8221;{}&#8221;][et_pb_text _builder_version=&#8221;4.22.2&#8243; _module_preset=&#8221;default&#8221; text_font=&#8221;Rubik|500|||||||&#8221; text_text_color=&#8221;#FFFFFF&#8221; custom_margin=&#8221;|50px||50px|false|true&#8221; global_colors_info=&#8221;{}&#8221;]<\/p>\n<p style=\"text-align: justify;\"><span style=\"font-size: medium; font-family: inherit; font-weight: normal;\">Pasul 2<\/span><\/p>\n<p style=\"text-align: justify;\"><span style=\"font-family: inherit; font-size: medium;\">Un scurt interviu \u00een prezen\u021ba consiliului Game ON! Awards (unul sau mai mul\u021bi delega\u021bi ai consiliului). Acest interviu vine \u00een completarea formularului pentru a ne asigura c\u0103 persoanele care vor face parte din comisia de jurizare sunt unele experimentate \u00een domeniu.<\/span><\/p>\n<p style=\"text-align: justify;\">ATEN\u021aIE: Consiliul poate refuza candidaturi pentru comisia de jurizare \u0219i poate decide ca unii aplican\u021bi s\u0103 intre \u00een comisie f\u0103r\u0103 a parcurge pasul 2.<span style=\"font-family: inherit; font-size: medium;\"><\/span><\/p>\n<p style=\"text-align: justify;\"><span style=\"font-family: inherit; font-size: medium;\"><\/span><\/p>\n<p>[\/et_pb_text][\/et_pb_column][\/et_pb_row][et_pb_row disabled_on=&#8221;on|on|off&#8221; _builder_version=&#8221;4.22.2&#8243; custom_margin=&#8221;||||false|false&#8221; custom_padding=&#8221;0|0px|0|0px|false|false&#8221; border_radii=&#8221;on|20px|20px|20px|20px&#8221; box_shadow_style=&#8221;preset1&#8243; box_shadow_vertical=&#8221;-60px&#8221; box_shadow_blur=&#8221;300px&#8221; box_shadow_spread=&#8221;30px&#8221; box_shadow_color=&#8221;#111031&#8243; locked=&#8221;off&#8221; global_colors_info=&#8221;{}&#8221;][et_pb_column type=&#8221;4_4&#8243; _builder_version=&#8221;4.16&#8243; custom_padding=&#8221;|||&#8221; global_colors_info=&#8221;{}&#8221; custom_padding__hover=&#8221;|||&#8221;][et_pb_code _builder_version=&#8221;4.23.4&#8243; _module_preset=&#8221;default&#8221; hover_enabled=&#8221;0&#8243; global_colors_info=&#8221;{}&#8221; sticky_enabled=&#8221;0&#8243;]<\/p>\n<div style=\"width: 100%; height: 1000px; overflow: auto;\"><!-- [et_pb_line_break_holder] --><iframe loading=\"lazy\" src=\"https:\/\/docs.google.com\/forms\/d\/e\/1FAIpQLSejcQosvim8px2VgHQRIqSoyxmuEZ3B6xC8g_avY1MHOosbAA\/viewform?usp=sharing\" width=\"100%\" height=\"90%\"><\/iframe><!-- [et_pb_line_break_holder] --><\/div>\n<p>[\/et_pb_code][\/et_pb_column][\/et_pb_row][et_pb_row disabled_on=&#8221;off|off|on&#8221; _builder_version=&#8221;4.23.4&#8243; custom_margin=&#8221;||||false|false&#8221; custom_padding=&#8221;0|0px|0|0px|false|false&#8221; hover_enabled=&#8221;0&#8243; border_radii=&#8221;on|20px|20px|20px|20px&#8221; box_shadow_style=&#8221;preset1&#8243; box_shadow_vertical=&#8221;-60px&#8221; box_shadow_blur=&#8221;300px&#8221; box_shadow_spread=&#8221;30px&#8221; box_shadow_color=&#8221;#111031&#8243; locked=&#8221;off&#8221; global_colors_info=&#8221;{}&#8221; sticky_enabled=&#8221;0&#8243;][et_pb_column type=&#8221;4_4&#8243; _builder_version=&#8221;4.16&#8243; custom_padding=&#8221;|||&#8221; global_colors_info=&#8221;{}&#8221; custom_padding__hover=&#8221;|||&#8221;][et_pb_code _builder_version=&#8221;4.23.4&#8243; _module_preset=&#8221;default&#8221; hover_enabled=&#8221;0&#8243; global_colors_info=&#8221;{}&#8221; sticky_enabled=&#8221;0&#8243;]<\/p>\n<div style=\"width: 100%; height: 1000px; overflow: auto;\"><!-- [et_pb_line_break_holder] -->    <iframe loading=\"lazy\" src=\"https:\/\/docs.google.com\/forms\/d\/e\/1FAIpQLSejcQosvim8px2VgHQRIqSoyxmuEZ3B6xC8g_avY1MHOosbAA\/viewform?usp=sharing\" width=\"100%\" height=\"90%\"><\/iframe><!-- [et_pb_line_break_holder] --><\/div>\n<p>[\/et_pb_code][\/et_pb_column][\/et_pb_row][\/et_pb_section]<\/p>\n","protected":false},"excerpt":{"rendered":"<p>\u00censcrie-te \u00een comisia de jurizare a game on! awards 2025Game ON! Awards este un eveniment dedicat recunoa\u0219terii \u0219i premierii celor mai bune jocuri de societate din Rom\u00e2nia. Scopul nostru este s\u0103 promov\u0103m excelen\u021ba \u00een domeniul jocurilor de societate \u0219i s\u0103 oferim o platform\u0103 pentru recunoa\u0219terea \u0219i aprecierea creativit\u0103\u021bii \u0219i inova\u021biei din industrie Atribu\u021biile principale ale [&hellip;]<\/p>\n","protected":false},"author":1,"featured_media":0,"parent":1096,"menu_order":0,"comment_status":"closed","ping_status":"closed","template":"","meta":{"_et_pb_use_builder":"on","_et_pb_old_content":"","_et_gb_content_width":"","_monsterinsights_skip_tracking":false,"_monsterinsights_sitenote_active":false,"_monsterinsights_sitenote_note":"","_monsterinsights_sitenote_category":0,"footnotes":""},"aioseo_notices":[],"_links":{"self":[{"href":"https:\/\/gameonfestival.ro\/index.php\/wp-json\/wp\/v2\/pages\/1163"}],"collection":[{"href":"https:\/\/gameonfestival.ro\/index.php\/wp-json\/wp\/v2\/pages"}],"about":[{"href":"https:\/\/gameonfestival.ro\/index.php\/wp-json\/wp\/v2\/types\/page"}],"author":[{"embeddable":true,"href":"https:\/\/gameonfestival.ro\/index.php\/wp-json\/wp\/v2\/users\/1"}],"replies":[{"embeddable":true,"href":"https:\/\/gameonfestival.ro\/index.php\/wp-json\/wp\/v2\/comments?post=1163"}],"version-history":[{"count":10,"href":"https:\/\/gameonfestival.ro\/index.php\/wp-json\/wp\/v2\/pages\/1163\/revisions"}],"predecessor-version":[{"id":2527,"href":"https:\/\/gameonfestival.ro\/index.php\/wp-json\/wp\/v2\/pages\/1163\/revisions\/2527"}],"up":[{"embeddable":true,"href":"https:\/\/gameonfestival.ro\/index.php\/wp-json\/wp\/v2\/pages\/1096"}],"wp:attachment":[{"href":"https:\/\/gameonfestival.ro\/index.php\/wp-json\/wp\/v2\/media?parent=1163"}],"curies":[{"name":"wp","href":"https:\/\/api.w.org\/{rel}","templated":true}]}}