{"id":2482,"date":"2024-11-24T19:10:03","date_gmt":"2024-11-24T19:10:03","guid":{"rendered":"https:\/\/gameonfestival.ro\/?page_id=2482"},"modified":"2024-11-25T00:16:57","modified_gmt":"2024-11-25T00:16:57","slug":"hall-of-fame","status":"publish","type":"page","link":"https:\/\/gameonfestival.ro\/index.php\/competitii\/hall-of-fame\/","title":{"rendered":"Hall of Fame"},"content":{"rendered":"<p>[et_pb_section fb_built=&#8221;1&#8243; next_background_color=&#8221;#091744&#8243; admin_label=&#8221;Header&#8221; _builder_version=&#8221;4.22.2&#8243; background_color=&#8221;#091744&#8243; use_background_color_gradient=&#8221;on&#8221; background_color_gradient_stops=&#8221;#091744 0%|#091744 100%&#8221; background_color_gradient_start=&#8221;#091744&#8243; background_color_gradient_end=&#8221;#091744&#8243; background_image=&#8221;http:\/\/gameonfestival.ro\/wp-content\/uploads\/2023\/11\/Prezentare-Jocuri-50.jpg&#8221; parallax=&#8221;on&#8221; min_height=&#8221;727.8px&#8221; custom_padding=&#8221;0vw||0vw||false|false&#8221; bottom_divider_style=&#8221;ramp2&#8243; bottom_divider_height=&#8221;24vw&#8221; bottom_divider_flip=&#8221;horizontal&#8221; global_colors_info=&#8221;{}&#8221; custom_margin=&#8221;||0px|||&#8221;][et_pb_row _builder_version=&#8221;4.16&#8243; global_colors_info=&#8221;{}&#8221;][et_pb_column type=&#8221;4_4&#8243; _builder_version=&#8221;4.16&#8243; custom_padding=&#8221;|||&#8221; global_colors_info=&#8221;{}&#8221; custom_padding__hover=&#8221;|||&#8221;][et_pb_image src=&#8221;http:\/\/gameonfestival.ro\/wp-content\/uploads\/2023\/10\/Meeple-pachete-gold-e1732475375316.png&#8221; title_text=&#8221;Meeple pachete gold&#8221; _builder_version=&#8221;4.23.4&#8243; _module_preset=&#8221;default&#8221; width=&#8221;40%&#8221; module_alignment=&#8221;center&#8221; hover_enabled=&#8221;0&#8243; global_colors_info=&#8221;{}&#8221; sticky_enabled=&#8221;0&#8243; min_height=&#8221;250px&#8221; align=&#8221;center&#8221;][\/et_pb_image][et_pb_text _builder_version=&#8221;4.22.2&#8243; text_font=&#8221;Cairo|700|||||||&#8221; text_font_size=&#8221;30px&#8221; text_line_height=&#8221;2em&#8221; header_font=&#8221;Rubik|700||on|||||&#8221; header_font_size=&#8221;70px&#8221; header_line_height=&#8221;1.2em&#8221; text_orientation=&#8221;center&#8221; background_layout=&#8221;dark&#8221; min_height=&#8221;38px&#8221; custom_padding=&#8221;||14px|||&#8221; header_font_size_tablet=&#8221;50px&#8221; header_font_size_phone=&#8221;40px&#8221; header_font_size_last_edited=&#8221;on|phone&#8221; global_colors_info=&#8221;{}&#8221;]<\/p>\n<h2><span style=\"color: #333333;\"><strong>HALL OF FAME<\/strong><\/span><\/h2>\n<p>[\/et_pb_text][\/et_pb_column][\/et_pb_row][\/et_pb_section][et_pb_section fb_built=&#8221;1&#8243; admin_label=&#8221;Feature&#8221; _builder_version=&#8221;4.16&#8243; background_color=&#8221;#091744&#8243; custom_padding=&#8221;13px|||||&#8221; global_colors_info=&#8221;{}&#8221;][et_pb_row column_structure=&#8221;1_2,1_2&#8243; _builder_version=&#8221;4.16&#8243; width=&#8221;100%&#8221; custom_padding=&#8221;3px|||||&#8221; global_colors_info=&#8221;{}&#8221;][et_pb_column type=&#8221;1_2&#8243; _builder_version=&#8221;4.16&#8243; custom_padding=&#8221;|||&#8221; global_colors_info=&#8221;{}&#8221; parallax__hover=&#8221;off&#8221; parallax_method__hover=&#8221;on&#8221; custom_padding__hover=&#8221;|||&#8221;][et_pb_text _builder_version=&#8221;4.16&#8243; text_font=&#8221;Lato||||||||&#8221; text_font_size=&#8221;16px&#8221; text_line_height=&#8221;2em&#8221; header_font=&#8221;||||||||&#8221; header_2_font=&#8221;Rubik|700||on|||||&#8221; header_2_font_size=&#8221;44px&#8221; header_2_letter_spacing=&#8221;1px&#8221; header_2_line_height=&#8221;1.3em&#8221; background_layout=&#8221;dark&#8221; custom_margin=&#8221;||1px|||&#8221; header_2_font_size_tablet=&#8221;34px&#8221; header_2_font_size_phone=&#8221;24px&#8221; header_2_font_size_last_edited=&#8221;on|phone&#8221; locked=&#8221;off&#8221; global_colors_info=&#8221;{}&#8221; header_font_size__hover=&#8221;30px&#8221; header_font_size__hover_enabled=&#8221;30px&#8221; header_letter_spacing__hover=&#8221;0px&#8221; header_letter_spacing__hover_enabled=&#8221;0px&#8221; header_text_shadow_style__hover=&#8221;none&#8221; header_text_shadow_style__hover_enabled=&#8221;none&#8221; header_text_shadow_color__hover=&#8221;rgba(0,0,0,0.4)&#8221; header_text_shadow_color__hover_enabled=&#8221;rgba(0,0,0,0.4)&#8221;]<\/p>\n<h2 style=\"text-align: center;\"><span style=\"font-size: large;\">COMPETI\u021aIA NA\u021aIONAL\u0102 <\/span><span style=\"font-size: large;\">DE ESCAPE<\/span><\/h2>\n<p>[\/et_pb_text][et_pb_text _builder_version=&#8221;4.23.4&#8243; text_font=&#8221;Lato||||||||&#8221; text_font_size=&#8221;18px&#8221; text_line_height=&#8221;2em&#8221; header_font=&#8221;||||||||&#8221; header_3_font=&#8221;||||||||&#8221; header_4_font=&#8221;Rubik|500||on|||||&#8221; header_4_text_color=&#8221;#14f1d9&#8243; header_4_font_size=&#8221;11px&#8221; header_4_letter_spacing=&#8221;2px&#8221; background_layout=&#8221;dark&#8221; width=&#8221;100%&#8221; min_height=&#8221;50px&#8221; custom_margin=&#8221;||2px|||&#8221; custom_padding=&#8221;0px||0px|||&#8221; locked=&#8221;off&#8221; global_colors_info=&#8221;{}&#8221;]<\/p>\n<h4 style=\"text-align: center;\">eDI\u021aIA 2 (2024):<\/h4>\n<h4 style=\"text-align: center;\">C\u00c2\u0218TIG\u0102TORI: Ioana Denisa Toma \u0219i Alexandra Elena \u0218anta<\/h4>\n<h4 style=\"text-align: center;\">(?????)<\/h4>\n<p>[\/et_pb_text][et_pb_toggle title=&#8221;INFORMA\u021aII SUPLIMENTARE&#8221; open_toggle_background_color=&#8221;rgba(0,0,0,0)&#8221; closed_toggle_background_color=&#8221;rgba(0,0,0,0)&#8221; icon_color=&#8221;#14f1d9&#8243; open_icon_color=&#8221;#14f1d9&#8243; _builder_version=&#8221;4.23.4&#8243; title_text_color=&#8221;#ffffff&#8221; title_font=&#8221;Rubik|500||on|||||&#8221; title_font_size=&#8221;12px&#8221; title_letter_spacing=&#8221;2px&#8221; title_line_height=&#8221;2em&#8221; body_font=&#8221;||||||||&#8221; body_text_color=&#8221;#9fa5d6&#8243; body_line_height=&#8221;2em&#8221; custom_margin=&#8221;||0px&#8221; custom_padding=&#8221;3px||3px||true|&#8221; custom_padding_tablet=&#8221;20px||20px||true&#8221; custom_padding_phone=&#8221;&#8221; custom_padding_last_edited=&#8221;on|desktop&#8221; border_width_all=&#8221;0px&#8221; border_color_all=&#8221;#26267c&#8221; border_width_bottom=&#8221;2px&#8221; locked=&#8221;off&#8221; global_colors_info=&#8221;{}&#8221;]<\/p>\n<ul>\n<li><span style=\"color: #9fa5d6; font-size: small;\">Timp ob\u021binut de echipa c\u00e2\u0219tig\u0103toare \u00een Final\u0103: 42 minute;<\/span><\/li>\n<li><span style=\"color: #9fa5d6; font-size: small;\">Finali\u0219ti: Georgiana Carmina <span style=\"color: #9fa5d6; font-size: small;\">Matica \u0219i <\/span>Emina <span style=\"color: #9fa5d6; font-size: small;\">Stojanovic;<\/span><\/span><\/li>\n<li><span style=\"color: #9fa5d6; font-size: small;\">Format competi\u021bie: 4 Grupe (Treasure Hunt + Mind Games), 1 Semifinal\u0103 (Escape Tent), Final\u0103 Escape Box;<\/span><\/li>\n<li><span style=\"color: #9fa5d6; font-size: small;\">Premii totale: 500 euro;<\/span><\/li>\n<li><span style=\"color: #9fa5d6; font-size: small;\">Competi\u021bie realizat\u0103 \u00een colaborare cu Lavinia \u0219i Andrei Csiki.<\/span><\/li>\n<\/ul>\n<p>[\/et_pb_toggle][et_pb_text _builder_version=&#8221;4.23.4&#8243; text_font=&#8221;Lato||||||||&#8221; text_font_size=&#8221;18px&#8221; text_line_height=&#8221;2em&#8221; header_font=&#8221;||||||||&#8221; header_3_font=&#8221;||||||||&#8221; header_4_font=&#8221;Rubik|500||on|||||&#8221; header_4_text_color=&#8221;#14f1d9&#8243; header_4_font_size=&#8221;11px&#8221; header_4_letter_spacing=&#8221;2px&#8221; background_layout=&#8221;dark&#8221; width=&#8221;100%&#8221; min_height=&#8221;50px&#8221; custom_margin=&#8221;||2px|||&#8221; custom_padding=&#8221;21px||0px|||&#8221; locked=&#8221;off&#8221; global_colors_info=&#8221;{}&#8221;]<\/p>\n<h4 style=\"text-align: center;\">eDI\u021aIA 1 (2023):<\/h4>\n<h4 style=\"text-align: center;\">C\u00c2\u0218TIG\u0102TORI: Andrada Olteanu \u0219i Bogdan Ionica<\/h4>\n<h4 style=\"text-align: center;\">(??????)\u00a0\u00a0<\/h4>\n<p>[\/et_pb_text][et_pb_toggle title=&#8221;INFORMA\u021aII SUPLIMENTARE&#8221; open_toggle_background_color=&#8221;rgba(0,0,0,0)&#8221; closed_toggle_background_color=&#8221;rgba(0,0,0,0)&#8221; icon_color=&#8221;#14f1d9&#8243; open_icon_color=&#8221;#14f1d9&#8243; _builder_version=&#8221;4.23.4&#8243; title_text_color=&#8221;#ffffff&#8221; title_font=&#8221;Rubik|500||on|||||&#8221; title_font_size=&#8221;12px&#8221; title_letter_spacing=&#8221;2px&#8221; title_line_height=&#8221;2em&#8221; body_font=&#8221;||||||||&#8221; body_text_color=&#8221;#9fa5d6&#8243; body_line_height=&#8221;2em&#8221; custom_margin=&#8221;||0px&#8221; custom_padding=&#8221;3px||3px||true|&#8221; custom_padding_tablet=&#8221;20px||20px||true&#8221; custom_padding_phone=&#8221;&#8221; custom_padding_last_edited=&#8221;on|desktop&#8221; border_width_all=&#8221;0px&#8221; border_color_all=&#8221;#26267c&#8221; border_width_bottom=&#8221;2px&#8221; locked=&#8221;off&#8221; global_colors_info=&#8221;{}&#8221;]<\/p>\n<ul>\n<li><span style=\"color: #9fa5d6; font-size: small;\">Timp ob\u021binut de echipa c\u00e2\u0219tig\u0103toare \u00een Final\u0103: 13 minute;<\/span><\/li>\n<li><span style=\"color: #9fa5d6; font-size: small;\">Finali\u0219ti: Larissa Petrascu \u0219i Antonio Luca<span style=\"color: #9fa5d6; font-size: small;\">;<\/span><\/span><\/li>\n<li><span style=\"color: #9fa5d6; font-size: small;\">Format competi\u021bie: 1 Grup\u0103 (Treasure Hunt), 1 Semifinal\u0103 (Escape Box), Final\u0103 (Escape Tent);<\/span><\/li>\n<li><span style=\"color: #9fa5d6; font-size: small;\">Premii: 650 euro;<\/span><\/li>\n<\/ul>\n<p>[\/et_pb_toggle][et_pb_text _builder_version=&#8221;4.23.4&#8243; _module_preset=&#8221;default&#8221; hover_enabled=&#8221;0&#8243; sticky_enabled=&#8221;0&#8243;]<\/p>\n<p>&nbsp;<\/p>\n<p>&nbsp;<\/p>\n<p>&nbsp;<\/p>\n<p>&nbsp;<\/p>\n<p>[\/et_pb_text][\/et_pb_column][et_pb_column type=&#8221;1_2&#8243; _builder_version=&#8221;4.16&#8243; custom_padding=&#8221;|||&#8221; global_colors_info=&#8221;{}&#8221; parallax__hover=&#8221;off&#8221; parallax_method__hover=&#8221;on&#8221; custom_padding__hover=&#8221;|||&#8221;][et_pb_text _builder_version=&#8221;4.16&#8243; text_font=&#8221;Lato||||||||&#8221; text_font_size=&#8221;16px&#8221; text_line_height=&#8221;2em&#8221; header_font=&#8221;||||||||&#8221; header_2_font=&#8221;Rubik|700||on|||||&#8221; header_2_font_size=&#8221;44px&#8221; header_2_letter_spacing=&#8221;1px&#8221; header_2_line_height=&#8221;1.3em&#8221; background_layout=&#8221;dark&#8221; custom_margin=&#8221;||-5px|||&#8221; header_2_font_size_tablet=&#8221;34px&#8221; header_2_font_size_phone=&#8221;24px&#8221; header_2_font_size_last_edited=&#8221;on|phone&#8221; locked=&#8221;off&#8221; global_colors_info=&#8221;{}&#8221; header_font_size__hover=&#8221;30px&#8221; header_font_size__hover_enabled=&#8221;30px&#8221; header_letter_spacing__hover=&#8221;0px&#8221; header_letter_spacing__hover_enabled=&#8221;0px&#8221; header_text_shadow_style__hover=&#8221;none&#8221; header_text_shadow_style__hover_enabled=&#8221;none&#8221; header_text_shadow_color__hover=&#8221;rgba(0,0,0,0.4)&#8221; header_text_shadow_color__hover_enabled=&#8221;rgba(0,0,0,0.4)&#8221;]<\/p>\n<h2 style=\"text-align: center;\"><span style=\"font-size: large;\">COMPETI\u021aIA NA\u021aIONAL\u0102 DE board games<\/span><\/h2>\n<p>[\/et_pb_text][et_pb_text _builder_version=&#8221;4.22.2&#8243; text_font=&#8221;Lato||||||||&#8221; text_font_size=&#8221;18px&#8221; text_line_height=&#8221;2em&#8221; header_font=&#8221;||||||||&#8221; header_3_font=&#8221;||||||||&#8221; header_4_font=&#8221;Rubik|500||on|||||&#8221; header_4_text_color=&#8221;#14f1d9&#8243; header_4_font_size=&#8221;11px&#8221; header_4_letter_spacing=&#8221;2px&#8221; background_layout=&#8221;dark&#8221; width=&#8221;100%&#8221; min_height=&#8221;62px&#8221; custom_margin=&#8221;||2px|||&#8221; custom_padding=&#8221;||7px|||&#8221; locked=&#8221;off&#8221; global_colors_info=&#8221;{}&#8221;]<\/p>\n<h4 style=\"text-align: center;\">eDI\u021aIA 2 (2024):<\/h4>\n<h4 style=\"text-align: center;\">C\u00c2\u0218TIG\u0102TOR: ????? (ia\u0219i)<\/h4>\n<p>[\/et_pb_text][et_pb_toggle title=&#8221;Informa\u021bii suplimentare&#8221; open_toggle_background_color=&#8221;rgba(0,0,0,0)&#8221; closed_toggle_background_color=&#8221;rgba(0,0,0,0)&#8221; icon_color=&#8221;#14f1d9&#8243; open_icon_color=&#8221;#14f1d9&#8243; _builder_version=&#8221;4.23.4&#8243; title_text_color=&#8221;#ffffff&#8221; title_font=&#8221;Rubik|500||on|||||&#8221; title_font_size=&#8221;12px&#8221; title_letter_spacing=&#8221;2px&#8221; title_line_height=&#8221;2em&#8221; body_font=&#8221;||||||||&#8221; body_text_color=&#8221;#9fa5d6&#8243; body_line_height=&#8221;2em&#8221; custom_margin=&#8221;||0px&#8221; custom_padding=&#8221;3px||3px||true|&#8221; custom_padding_tablet=&#8221;20px||20px||true&#8221; custom_padding_phone=&#8221;&#8221; custom_padding_last_edited=&#8221;on|desktop&#8221; border_width_all=&#8221;0px&#8221; border_color_all=&#8221;#26267c&#8221; border_width_bottom=&#8221;2px&#8221; locked=&#8221;off&#8221; global_colors_info=&#8221;{}&#8221;]<\/p>\n<ul>\n<li><span style=\"font-size: small;\">Grup\u0103 c\u00e2\u0219tigat\u0103 de &#8230;..: ???<\/span><\/li>\n<li><span style=\"font-size: small;\">Finalist: ??? (Sibiu)<\/span><br \/><span style=\"font-size: small;\"><\/span><\/li>\n<li><span style=\"font-size: small;\">Format competi\u021bie: 20 grupe (diverse jocuri), sferturi de final\u0103 (Concordia), Semifinal\u0103 (Terraformarea Planetei Marte), Final\u0103 (Ark Nova).<\/span><\/li>\n<li>Premii totale: 1000 euro.<\/li>\n<\/ul>\n<p>[\/et_pb_toggle][et_pb_text _builder_version=&#8221;4.22.2&#8243; text_font=&#8221;Lato||||||||&#8221; text_font_size=&#8221;18px&#8221; text_line_height=&#8221;2em&#8221; header_font=&#8221;||||||||&#8221; header_3_font=&#8221;||||||||&#8221; header_4_font=&#8221;Rubik|500||on|||||&#8221; header_4_text_color=&#8221;#14f1d9&#8243; header_4_font_size=&#8221;11px&#8221; header_4_letter_spacing=&#8221;2px&#8221; background_layout=&#8221;dark&#8221; width=&#8221;100%&#8221; min_height=&#8221;93px&#8221; custom_margin=&#8221;||2px|||&#8221; custom_padding=&#8221;22px||8px|||&#8221; locked=&#8221;off&#8221; global_colors_info=&#8221;{}&#8221;]<\/p>\n<h4 style=\"text-align: center;\">eDI\u021aIA 2 (2024):<\/h4>\n<h4 style=\"text-align: center;\">C\u00c2\u0218TIG\u0102TORI: ??? (timi\u0219oara)<\/h4>\n<p>[\/et_pb_text][et_pb_toggle title=&#8221;Informa\u021bii suplimentare&#8221; open_toggle_background_color=&#8221;rgba(0,0,0,0)&#8221; closed_toggle_background_color=&#8221;rgba(0,0,0,0)&#8221; icon_color=&#8221;#14f1d9&#8243; open_icon_color=&#8221;#14f1d9&#8243; _builder_version=&#8221;4.23.4&#8243; title_text_color=&#8221;#ffffff&#8221; title_font=&#8221;Rubik|500||on|||||&#8221; title_font_size=&#8221;12px&#8221; title_letter_spacing=&#8221;2px&#8221; title_line_height=&#8221;2em&#8221; body_font=&#8221;||||||||&#8221; body_text_color=&#8221;#9fa5d6&#8243; body_line_height=&#8221;2em&#8221; custom_margin=&#8221;||0px&#8221; custom_padding=&#8221;3px||3px||true|&#8221; custom_padding_tablet=&#8221;20px||20px||true&#8221; custom_padding_phone=&#8221;&#8221; custom_padding_last_edited=&#8221;on|desktop&#8221; border_width_all=&#8221;0px&#8221; border_color_all=&#8221;#26267c&#8221; border_width_bottom=&#8221;2px&#8221; locked=&#8221;off&#8221; global_colors_info=&#8221;{}&#8221;]<\/p>\n<ul>\n<li><span style=\"font-size: small;\">Grup\u0103 c\u00e2\u0219tigat\u0103 de Oana Preda: Everdell<\/span><\/li>\n<li><span style=\"font-size: small;\">Finalist: Alin Bodor (Timi\u0219oara)<\/span><\/li>\n<li><span style=\"font-size: small;\">Format competi\u021bie: 8 grupe (diverse jocuri), Semifinal\u0103 (Terraformarea Planetei Marte), Final\u0103 (Ark Nova).<\/span><\/li>\n<li>Premii totale: 1000 euro.<\/li>\n<\/ul>\n<p>[\/et_pb_toggle][\/et_pb_column][\/et_pb_row][\/et_pb_section][et_pb_section fb_built=&#8221;1&#8243; admin_label=&#8221;Footer&#8221; _builder_version=&#8221;4.22.2&#8243; background_color=&#8221;#091744&#8243; use_background_color_gradient=&#8221;on&#8221; background_color_gradient_stops=&#8221;#091744 0%|rgba(9,23,68,0) 100%&#8221; background_color_gradient_overlays_image=&#8221;on&#8221; background_color_gradient_start=&#8221;#091744&#8243; background_color_gradient_end=&#8221;rgba(9,23,68,0)&#8221; background_image=&#8221;http:\/\/gameonfestival.ro\/wp-content\/uploads\/2023\/10\/Artboard-7A@3x.png&#8221; min_height=&#8221;307.8px&#8221; custom_margin=&#8221;-4px|||||&#8221; custom_padding=&#8221;0vw|0px|16vw|0px|false|false&#8221; global_colors_info=&#8221;{}&#8221;][\/et_pb_section]<\/p>\n","protected":false},"excerpt":{"rendered":"<p>HALL OF FAMECOMPETI\u021aIA NA\u021aIONAL\u0102 DE ESCAPEeDI\u021aIA 2 (2024): C\u00c2\u0218TIG\u0102TORI: Ioana Denisa Toma \u0219i Alexandra Elena \u0218anta (?????) Timp ob\u021binut de echipa c\u00e2\u0219tig\u0103toare \u00een Final\u0103: 42 minute; Finali\u0219ti: Georgiana Carmina Matica \u0219i Emina Stojanovic; Format competi\u021bie: 4 Grupe (Treasure Hunt + Mind Games), 1 Semifinal\u0103 (Escape Tent), Final\u0103 Escape Box; Premii totale: 500 euro; Competi\u021bie realizat\u0103 [&hellip;]<\/p>\n","protected":false},"author":1,"featured_media":0,"parent":317,"menu_order":0,"comment_status":"closed","ping_status":"closed","template":"","meta":{"_et_pb_use_builder":"on","_et_pb_old_content":"","_et_gb_content_width":"","_monsterinsights_skip_tracking":false,"_monsterinsights_sitenote_active":false,"_monsterinsights_sitenote_note":"","_monsterinsights_sitenote_category":0,"footnotes":""},"aioseo_notices":[],"_links":{"self":[{"href":"https:\/\/gameonfestival.ro\/index.php\/wp-json\/wp\/v2\/pages\/2482"}],"collection":[{"href":"https:\/\/gameonfestival.ro\/index.php\/wp-json\/wp\/v2\/pages"}],"about":[{"href":"https:\/\/gameonfestival.ro\/index.php\/wp-json\/wp\/v2\/types\/page"}],"author":[{"embeddable":true,"href":"https:\/\/gameonfestival.ro\/index.php\/wp-json\/wp\/v2\/users\/1"}],"replies":[{"embeddable":true,"href":"https:\/\/gameonfestival.ro\/index.php\/wp-json\/wp\/v2\/comments?post=2482"}],"version-history":[{"count":10,"href":"https:\/\/gameonfestival.ro\/index.php\/wp-json\/wp\/v2\/pages\/2482\/revisions"}],"predecessor-version":[{"id":2502,"href":"https:\/\/gameonfestival.ro\/index.php\/wp-json\/wp\/v2\/pages\/2482\/revisions\/2502"}],"up":[{"embeddable":true,"href":"https:\/\/gameonfestival.ro\/index.php\/wp-json\/wp\/v2\/pages\/317"}],"wp:attachment":[{"href":"https:\/\/gameonfestival.ro\/index.php\/wp-json\/wp\/v2\/media?parent=2482"}],"curies":[{"name":"wp","href":"https:\/\/api.w.org\/{rel}","templated":true}]}}