{"id":2764,"date":"2025-10-26T23:44:25","date_gmt":"2025-10-26T23:44:25","guid":{"rendered":"https:\/\/gameonfestival.ro\/?page_id=2764"},"modified":"2025-10-27T00:06:25","modified_gmt":"2025-10-27T00:06:25","slug":"alte-competitii","status":"publish","type":"page","link":"https:\/\/gameonfestival.ro\/index.php\/alte-competitii\/","title":{"rendered":"Alte competi\u021bii"},"content":{"rendered":"<p>[et_pb_section fb_built=&#8221;1&#8243; next_background_color=&#8221;#091744&#8243; admin_label=&#8221;Header&#8221; _builder_version=&#8221;4.22.2&#8243; background_color=&#8221;#091744&#8243; use_background_color_gradient=&#8221;on&#8221; background_color_gradient_stops=&#8221;#091744 0%|#091744 100%&#8221; background_color_gradient_start=&#8221;#091744&#8243; background_color_gradient_end=&#8221;#091744&#8243; background_image=&#8221;http:\/\/gameonfestival.ro\/wp-content\/uploads\/2023\/11\/Info-Festival-50.jpg&#8221; parallax=&#8221;on&#8221; custom_padding=&#8221;8vw||0vw||false|false&#8221; bottom_divider_style=&#8221;ramp2&#8243; bottom_divider_height=&#8221;24vw&#8221; bottom_divider_flip=&#8221;horizontal&#8221; global_colors_info=&#8221;{}&#8221;][et_pb_row _builder_version=&#8221;4.16&#8243; global_colors_info=&#8221;{}&#8221;][et_pb_column type=&#8221;4_4&#8243; _builder_version=&#8221;4.16&#8243; custom_padding=&#8221;|||&#8221; global_colors_info=&#8221;{}&#8221; custom_padding__hover=&#8221;|||&#8221;][et_pb_image src=&#8221;http:\/\/gameonfestival.ro\/wp-content\/uploads\/2024\/11\/Meeple-Locuri-de-joaca.png&#8221; title_text=&#8221;Meeple Locuri de joaca&#8221; align=&#8221;center&#8221; src_tablet=&#8221;http:\/\/gameonfestival.ro\/wp-content\/uploads\/2023\/10\/Meeple-Promovare.png&#8221; src_phone=&#8221;http:\/\/gameonfestival.ro\/wp-content\/uploads\/2023\/10\/Meeple-Promovare.png&#8221; src_last_edited=&#8221;on|phone&#8221; _builder_version=&#8221;4.23.4&#8243; _module_preset=&#8221;default&#8221; width=&#8221;50%&#8221; max_width=&#8221;100%&#8221; module_alignment=&#8221;center&#8221; min_height=&#8221;100px&#8221; custom_margin=&#8221;||-9px|||&#8221; custom_padding=&#8221;||0px|||&#8221; hover_enabled=&#8221;0&#8243; global_colors_info=&#8221;{}&#8221; sticky_enabled=&#8221;0&#8243;][\/et_pb_image][et_pb_text _builder_version=&#8221;4.22.2&#8243; text_font=&#8221;Lato||||||||&#8221; text_font_size=&#8221;19px&#8221; text_line_height=&#8221;1.6em&#8221; header_font=&#8221;Rubik|700||on|||||&#8221; header_font_size=&#8221;26px&#8221; header_line_height=&#8221;1.3em&#8221; text_orientation=&#8221;center&#8221; background_layout=&#8221;dark&#8221; custom_padding=&#8221;0px|||||&#8221; header_font_size_tablet=&#8221;50px&#8221; header_font_size_phone=&#8221;40px&#8221; header_font_size_last_edited=&#8221;on|phone&#8221; locked=&#8221;off&#8221; global_colors_info=&#8221;{}&#8221;]<\/p>\n<h1><span style=\"color: #333333; font-size: xx-large;\"><\/span><\/h1>\n<h1><span style=\"color: #333333; font-size: xx-large;\">Alte competi\u021bii care se <\/span><\/h1>\n<h1><span style=\"color: #333333; font-size: xx-large;\"><\/span><\/h1>\n<h1><span style=\"color: #333333; font-size: xx-large;\">reg\u0103sesc \u00een Game ON! FESTIVAL<\/span><\/h1>\n<p><span style=\"color: #333333; font-size: xx-large;\"><\/span><\/p>\n<h1><span style=\"color: #333333;\"><\/span><\/h1>\n<p><span style=\"color: #333333;\"><\/span><\/p>\n<p><span style=\"color: #333333;\"><\/span><\/p>\n<p>[\/et_pb_text][et_pb_text _builder_version=&#8221;4.22.2&#8243; text_font=&#8221;Lato||||||||&#8221; text_font_size=&#8221;16px&#8221; text_line_height=&#8221;2em&#8221; header_font=&#8221;Rubik|700||on|||||&#8221; header_font_size=&#8221;70px&#8221; header_line_height=&#8221;1.2em&#8221; header_2_font_size=&#8221;40px&#8221; text_orientation=&#8221;center&#8221; background_layout=&#8221;dark&#8221; custom_margin=&#8221;||8px|||&#8221; header_font_size_tablet=&#8221;50px&#8221; header_font_size_phone=&#8221;40px&#8221; header_font_size_last_edited=&#8221;on|phone&#8221; global_colors_info=&#8221;{}&#8221;][\/et_pb_text][\/et_pb_column][\/et_pb_row][\/et_pb_section][et_pb_section fb_built=&#8221;1&#8243; next_background_color=&#8221;#ffffff&#8221; admin_label=&#8221;FAQ&#8221; _builder_version=&#8221;4.23.4&#8243; background_color=&#8221;#091744&#8243; background_image=&#8221;http:\/\/gameonfestival.ro\/wp-content\/uploads\/2023\/09\/gaming-22.png&#8221; background_size=&#8221;initial&#8221; background_repeat=&#8221;repeat&#8221; bottom_divider_style=&#8221;ramp2&#8243; bottom_divider_height=&#8221;14vw&#8221; global_colors_info=&#8221;{}&#8221; box_shadow_style__hover=&#8221;none&#8221; box_shadow_style__hover_enabled=&#8221;none&#8221; box_shadow_color__hover=&#8221;rgba(0,0,0,0.3)&#8221; box_shadow_color__hover_enabled=&#8221;rgba(0,0,0,0.3)&#8221;][et_pb_row _builder_version=&#8221;4.23.4&#8243; global_colors_info=&#8221;{}&#8221;][et_pb_column type=&#8221;4_4&#8243; _builder_version=&#8221;4.16&#8243; custom_padding=&#8221;|||&#8221; global_colors_info=&#8221;{}&#8221; custom_padding__hover=&#8221;|||&#8221;][et_pb_text _builder_version=&#8221;4.23.4&#8243; _module_preset=&#8221;default&#8221; theme_builder_area=&#8221;post_content&#8221; hover_enabled=&#8221;0&#8243; sticky_enabled=&#8221;0&#8243;]<\/p>\n<p><span style=\"color: #ffffff; font-size: medium;\">\u00cen formularul de mai jos se reg\u0103sesc toate competi\u021biile \u0219i alte evenimente care necesit\u0103 \u00eenscriere \u00een prealabil care se vor desf\u0103\u0219ura la Game ON! Festival. Unele dintre acestea au organizatori ter\u021bi, iar pentru a te putea \u00eenscrie la ele va trebui s\u0103 accesezi alte pagini, dar acest lucru va fi explicat atunci c\u00e2nd bifezi acele op\u021biuni.<\/span><\/p>\n<p>[\/et_pb_text][et_pb_code _builder_version=&#8221;4.23.4&#8243; _module_preset=&#8221;default&#8221; hover_enabled=&#8221;0&#8243; global_colors_info=&#8221;{}&#8221; sticky_enabled=&#8221;0&#8243;]<!-- form.123formbuilder.com script begins here --><!-- [et_pb_line_break_holder] --><script type=\"text\/javascript\" defer src=\"https:\/\/form.123formbuilder.com\/embed\/6897994.js\" data-role=\"form\" data-default-width=\"800px\" data-custom-vars=\"hasEmbedFormStyle=1\"><\/script><!-- [et_pb_line_break_holder] --><!-- form.123formbuilder.com script ends here -->[\/et_pb_code][et_pb_text _builder_version=&#8221;4.23.4&#8243; _module_preset=&#8221;default&#8221; hover_enabled=&#8221;0&#8243; global_colors_info=&#8221;{}&#8221; sticky_enabled=&#8221;0&#8243;]<\/p>\n<p>&nbsp;<\/p>\n<p>&nbsp;<\/p>\n<p>&nbsp;<\/p>\n<p>&nbsp;<\/p>\n<p>&nbsp;<\/p>\n<p>&nbsp;<\/p>\n<p>&nbsp;<\/p>\n<p>&nbsp;<\/p>\n<p>&nbsp;<\/p>\n<p>&nbsp;<\/p>\n<p>&nbsp;<\/p>\n<p>&nbsp;<\/p>\n<p>&nbsp;<\/p>\n<p>&nbsp;<\/p>\n<p>&nbsp;<\/p>\n<p>&nbsp;<\/p>\n<p>&nbsp;<\/p>\n<p>&nbsp;<\/p>\n<p>&nbsp;<\/p>\n<p>&nbsp;<\/p>\n<p>[\/et_pb_text][\/et_pb_column][\/et_pb_row][\/et_pb_section][et_pb_section fb_built=&#8221;1&#8243; theme_builder_area=&#8221;post_content&#8221; _builder_version=&#8221;4.23.4&#8243; _module_preset=&#8221;default&#8221;][et_pb_row _builder_version=&#8221;4.23.4&#8243; _module_preset=&#8221;default&#8221; theme_builder_area=&#8221;post_content&#8221;][et_pb_column _builder_version=&#8221;4.23.4&#8243; _module_preset=&#8221;default&#8221; type=&#8221;4_4&#8243; theme_builder_area=&#8221;post_content&#8221;][\/et_pb_column][\/et_pb_row][\/et_pb_section]<\/p>\n","protected":false},"excerpt":{"rendered":"<p>Alte competi\u021bii care se reg\u0103sesc \u00een Game ON! FESTIVAL \u00cen formularul de mai jos se reg\u0103sesc toate competi\u021biile \u0219i alte evenimente care necesit\u0103 \u00eenscriere \u00een prealabil care se vor desf\u0103\u0219ura la Game ON! Festival. Unele dintre acestea au organizatori ter\u021bi, iar pentru a te putea \u00eenscrie la ele va trebui s\u0103 accesezi alte pagini, dar [&hellip;]<\/p>\n","protected":false},"author":1,"featured_media":0,"parent":0,"menu_order":0,"comment_status":"closed","ping_status":"closed","template":"","meta":{"_et_pb_use_builder":"on","_et_pb_old_content":"","_et_gb_content_width":"","_monsterinsights_skip_tracking":false,"_monsterinsights_sitenote_active":false,"_monsterinsights_sitenote_note":"","_monsterinsights_sitenote_category":0,"footnotes":""},"aioseo_notices":[],"_links":{"self":[{"href":"https:\/\/gameonfestival.ro\/index.php\/wp-json\/wp\/v2\/pages\/2764"}],"collection":[{"href":"https:\/\/gameonfestival.ro\/index.php\/wp-json\/wp\/v2\/pages"}],"about":[{"href":"https:\/\/gameonfestival.ro\/index.php\/wp-json\/wp\/v2\/types\/page"}],"author":[{"embeddable":true,"href":"https:\/\/gameonfestival.ro\/index.php\/wp-json\/wp\/v2\/users\/1"}],"replies":[{"embeddable":true,"href":"https:\/\/gameonfestival.ro\/index.php\/wp-json\/wp\/v2\/comments?post=2764"}],"version-history":[{"count":8,"href":"https:\/\/gameonfestival.ro\/index.php\/wp-json\/wp\/v2\/pages\/2764\/revisions"}],"predecessor-version":[{"id":2774,"href":"https:\/\/gameonfestival.ro\/index.php\/wp-json\/wp\/v2\/pages\/2764\/revisions\/2774"}],"wp:attachment":[{"href":"https:\/\/gameonfestival.ro\/index.php\/wp-json\/wp\/v2\/media?parent=2764"}],"curies":[{"name":"wp","href":"https:\/\/api.w.org\/{rel}","templated":true}]}}