{"id":816,"date":"2023-11-10T18:52:24","date_gmt":"2023-11-10T18:52:24","guid":{"rendered":"https:\/\/gameonfestival.ro\/?page_id=816"},"modified":"2025-10-05T19:43:36","modified_gmt":"2025-10-05T18:43:36","slug":"transport-masa-cazare","status":"publish","type":"page","link":"https:\/\/gameonfestival.ro\/index.php\/alte-informatii\/transport-masa-cazare\/","title":{"rendered":"Transport, Mas\u0103, Cazare"},"content":{"rendered":"<p>[et_pb_section fb_built=&#8221;1&#8243; next_background_color=&#8221;#091744&#8243; admin_label=&#8221;Header&#8221; _builder_version=&#8221;4.22.2&#8243; background_color=&#8221;#091744&#8243; use_background_color_gradient=&#8221;on&#8221; background_color_gradient_stops=&#8221;#091744 0%|#091744 100%&#8221; background_color_gradient_start=&#8221;#091744&#8243; background_color_gradient_end=&#8221;#091744&#8243; background_image=&#8221;http:\/\/gameonfestival.ro\/wp-content\/uploads\/2023\/11\/Info-Festival-50.jpg&#8221; parallax=&#8221;on&#8221; custom_padding=&#8221;8vw||0vw||false|false&#8221; bottom_divider_style=&#8221;ramp2&#8243; bottom_divider_height=&#8221;24vw&#8221; bottom_divider_flip=&#8221;horizontal&#8221; global_colors_info=&#8221;{}&#8221;][et_pb_row _builder_version=&#8221;4.16&#8243; global_colors_info=&#8221;{}&#8221;][et_pb_column type=&#8221;4_4&#8243; _builder_version=&#8221;4.16&#8243; custom_padding=&#8221;|||&#8221; global_colors_info=&#8221;{}&#8221; custom_padding__hover=&#8221;|||&#8221;][et_pb_image src=&#8221;http:\/\/gameonfestival.ro\/wp-content\/uploads\/2023\/10\/Meeple-Promovare.png&#8221; title_text=&#8221;Meeple Promovare&#8221; align=&#8221;center&#8221; src_tablet=&#8221;http:\/\/gameonfestival.ro\/wp-content\/uploads\/2023\/10\/Meeple-Promovare.png&#8221; src_phone=&#8221;http:\/\/gameonfestival.ro\/wp-content\/uploads\/2023\/10\/Meeple-Promovare.png&#8221; src_last_edited=&#8221;on|phone&#8221; _builder_version=&#8221;4.22.2&#8243; _module_preset=&#8221;default&#8221; width=&#8221;50%&#8221; max_width=&#8221;100%&#8221; module_alignment=&#8221;center&#8221; min_height=&#8221;100px&#8221; custom_margin=&#8221;||-9px|||&#8221; custom_padding=&#8221;||0px|||&#8221; global_colors_info=&#8221;{}&#8221;][\/et_pb_image][et_pb_text _builder_version=&#8221;4.22.2&#8243; text_font=&#8221;Lato||||||||&#8221; text_font_size=&#8221;16px&#8221; text_line_height=&#8221;2em&#8221; header_font=&#8221;Rubik|700||on|||||&#8221; header_font_size=&#8221;70px&#8221; header_line_height=&#8221;1.2em&#8221; header_2_font=&#8221;||||||||&#8221; header_2_text_color=&#8221;#333333&#8243; header_2_font_size=&#8221;40px&#8221; text_orientation=&#8221;center&#8221; background_layout=&#8221;dark&#8221; custom_margin=&#8221;||8px|||&#8221; header_font_size_tablet=&#8221;50px&#8221; header_font_size_phone=&#8221;40px&#8221; header_font_size_last_edited=&#8221;on|phone&#8221; global_colors_info=&#8221;{}&#8221;][\/et_pb_text][et_pb_text _builder_version=&#8221;4.22.2&#8243; text_font=&#8221;Lato||||||||&#8221; text_font_size=&#8221;16px&#8221; text_line_height=&#8221;2em&#8221; header_font=&#8221;Rubik|700||on|||||&#8221; header_font_size=&#8221;70px&#8221; header_line_height=&#8221;1.2em&#8221; text_orientation=&#8221;center&#8221; background_layout=&#8221;dark&#8221; custom_margin=&#8221;||8px|||&#8221; header_font_size_tablet=&#8221;50px&#8221; header_font_size_phone=&#8221;40px&#8221; header_font_size_last_edited=&#8221;on|phone&#8221; locked=&#8221;off&#8221; global_colors_info=&#8221;{}&#8221;]<\/p>\n<h1><span style=\"font-size: xx-large; color: #333333;\">INFORMA\u021aII DESPRE TRANSPORT, MAS\u0102 \u0218I CAZARE<\/span><\/h1>\n<p>[\/et_pb_text][\/et_pb_column][\/et_pb_row][\/et_pb_section][et_pb_section fb_built=&#8221;1&#8243; admin_label=&#8221;Video&#8221; _builder_version=&#8221;4.16&#8243; background_color=&#8221;#091744&#8243; custom_padding=&#8221;54px|0px|0|0px|false|false&#8221; global_colors_info=&#8221;{}&#8221;][et_pb_row column_structure=&#8221;1_2,1_2&#8243; _builder_version=&#8221;4.16&#8243; global_colors_info=&#8221;{}&#8221;][et_pb_column type=&#8221;1_2&#8243; _builder_version=&#8221;4.16&#8243; custom_padding=&#8221;|||&#8221; global_colors_info=&#8221;{}&#8221; custom_padding__hover=&#8221;|||&#8221;][et_pb_divider color=&#8221;#14f1d9&#8243; divider_weight=&#8221;4px&#8221; _builder_version=&#8221;4.16&#8243; max_width=&#8221;80px&#8221; height=&#8221;4px&#8221; global_colors_info=&#8221;{}&#8221;][\/et_pb_divider][et_pb_text _builder_version=&#8221;4.22.2&#8243; text_font=&#8221;Lato||||||||&#8221; text_font_size=&#8221;16px&#8221; text_line_height=&#8221;2em&#8221; header_font=&#8221;||||||||&#8221; header_2_font=&#8221;Rubik|700||on|||||&#8221; header_2_font_size=&#8221;42px&#8221; header_2_letter_spacing=&#8221;1px&#8221; header_2_line_height=&#8221;1.3em&#8221; background_layout=&#8221;dark&#8221; header_2_font_size_tablet=&#8221;34px&#8221; header_2_font_size_phone=&#8221;24px&#8221; header_2_font_size_last_edited=&#8221;on|phone&#8221; global_colors_info=&#8221;{}&#8221; header_font_size__hover=&#8221;30px&#8221; header_font_size__hover_enabled=&#8221;30px&#8221; header_letter_spacing__hover=&#8221;0px&#8221; header_letter_spacing__hover_enabled=&#8221;0px&#8221; header_text_shadow_style__hover=&#8221;none&#8221; header_text_shadow_style__hover_enabled=&#8221;none&#8221; header_text_shadow_color__hover=&#8221;rgba(0,0,0,0.4)&#8221; header_text_shadow_color__hover_enabled=&#8221;rgba(0,0,0,0.4)&#8221;]<\/p>\n<h2><b>Transport<\/b><\/h2>\n<p>[\/et_pb_text][\/et_pb_column][et_pb_column type=&#8221;1_2&#8243; _builder_version=&#8221;4.16&#8243; custom_padding=&#8221;32px|||&#8221; custom_padding_tablet=&#8221;0px|||&#8221; custom_padding_phone=&#8221;&#8221; custom_padding_last_edited=&#8221;on|tablet&#8221; global_colors_info=&#8221;{}&#8221; padding_tablet=&#8221;0px|||&#8221; padding_last_edited=&#8221;on|tablet&#8221; custom_padding__hover=&#8221;|||&#8221; padding_phone=&#8221;0px|||&#8221;][\/et_pb_column][\/et_pb_row][\/et_pb_section][et_pb_section fb_built=&#8221;1&#8243; admin_label=&#8221;Footer&#8221; _builder_version=&#8221;4.22.2&#8243; background_color=&#8221;#091744&#8243; use_background_color_gradient=&#8221;on&#8221; background_color_gradient_stops=&#8221;#091744 0%|rgba(9,23,68,0) 100%&#8221; background_color_gradient_overlays_image=&#8221;on&#8221; background_color_gradient_start=&#8221;#091744&#8243; background_color_gradient_end=&#8221;rgba(9,23,68,0)&#8221; background_enable_image=&#8221;off&#8221; custom_padding=&#8221;4vw|0px|0vw|0px|false|false&#8221; global_colors_info=&#8221;{}&#8221;][et_pb_row _builder_version=&#8221;4.22.1&#8243; custom_margin=&#8221;||||false|false&#8221; custom_padding=&#8221;0|0px|0|0px|false|false&#8221; border_radii=&#8221;on|20px|20px|20px|20px&#8221; box_shadow_style=&#8221;preset1&#8243; box_shadow_vertical=&#8221;-60px&#8221; box_shadow_blur=&#8221;300px&#8221; box_shadow_spread=&#8221;30px&#8221; box_shadow_color=&#8221;#111031&#8243; locked=&#8221;off&#8221; global_colors_info=&#8221;{}&#8221;][et_pb_column type=&#8221;4_4&#8243; _builder_version=&#8221;4.16&#8243; custom_padding=&#8221;|||&#8221; global_colors_info=&#8221;{}&#8221; custom_padding__hover=&#8221;|||&#8221;][et_pb_image src=&#8221;http:\/\/gameonfestival.ro\/wp-content\/uploads\/2023\/11\/Transport@2x.png&#8221; title_text=&#8221;Transport@2x&#8221; _builder_version=&#8221;4.22.2&#8243; _module_preset=&#8221;default&#8221; global_colors_info=&#8221;{}&#8221;][\/et_pb_image][\/et_pb_column][\/et_pb_row][et_pb_row column_structure=&#8221;1_2,1_2&#8243; _builder_version=&#8221;4.16&#8243; global_colors_info=&#8221;{}&#8221;][et_pb_column type=&#8221;1_2&#8243; _builder_version=&#8221;4.16&#8243; custom_padding=&#8221;|||&#8221; global_colors_info=&#8221;{}&#8221; custom_padding__hover=&#8221;|||&#8221;][et_pb_toggle title=&#8221;Sta\u021bia Spitalul Jude\u021bean&#8221; open_toggle_background_color=&#8221;rgba(0,0,0,0)&#8221; closed_toggle_background_color=&#8221;rgba(0,0,0,0)&#8221; icon_color=&#8221;#14f1d9&#8243; open_icon_color=&#8221;#14f1d9&#8243; _builder_version=&#8221;4.22.2&#8243; title_text_color=&#8221;#ffffff&#8221; title_font=&#8221;Rubik|500||on|||||&#8221; title_font_size=&#8221;12px&#8221; title_letter_spacing=&#8221;2px&#8221; title_line_height=&#8221;2em&#8221; body_font=&#8221;||||||||&#8221; body_text_color=&#8221;#9fa5d6&#8243; body_line_height=&#8221;2em&#8221; custom_margin=&#8221;||0px&#8221; custom_padding=&#8221;40px||40px||true&#8221; custom_padding_tablet=&#8221;20px||20px||true&#8221; custom_padding_phone=&#8221;&#8221; custom_padding_last_edited=&#8221;on|desktop&#8221; border_width_all=&#8221;0px&#8221; border_color_all=&#8221;#26267c&#8221; border_width_bottom=&#8221;2px&#8221; global_colors_info=&#8221;{}&#8221;]<\/p>\n<ol>\n<li style=\"font-weight: 400;\" aria-level=\"5\"><span style=\"font-weight: 400;\">Tramvai 8, Traseu complet: Gara de Nord &#8211; Ciarda Ro\u0219ie\u00a0<\/span><\/li>\n<li style=\"font-weight: 400;\" aria-level=\"5\"><span style=\"font-weight: 400;\">Tramvai 9, Traseu complet: Gara de Nord &#8211; Ciarda Ro\u0219ie<\/span><\/li>\n<li style=\"font-weight: 400;\" aria-level=\"5\"><span style=\"font-weight: 400;\">Autobuz Express 2, Traseu complet: Continental &#8211; Ap. Petru si Pavel<\/span><\/li>\n<li style=\"font-weight: 400;\" aria-level=\"5\"><span style=\"font-weight: 400;\">Troleibuz 15, Traseu complet: Traian Groz\u0103vescu &#8211; M. Constantin Prezan\u00a0<\/span><\/li>\n<li style=\"font-weight: 400;\" aria-level=\"5\"><span style=\"font-weight: 400;\">Troleibuz 16, Traseu complet: Traian Groz\u0103vescu &#8211; B-dul Sudului (bucl\u0103)<\/span><\/li>\n<\/ol>\n<p>[\/et_pb_toggle][et_pb_toggle title=&#8221;Sta\u021bia Martirilor&#8221; open_toggle_background_color=&#8221;rgba(0,0,0,0)&#8221; closed_toggle_background_color=&#8221;rgba(0,0,0,0)&#8221; icon_color=&#8221;#14f1d9&#8243; open_icon_color=&#8221;#14f1d9&#8243; _builder_version=&#8221;4.22.2&#8243; title_text_color=&#8221;#ffffff&#8221; title_font=&#8221;Rubik|500||on|||||&#8221; title_font_size=&#8221;12px&#8221; title_letter_spacing=&#8221;2px&#8221; title_line_height=&#8221;2em&#8221; body_font=&#8221;||||||||&#8221; body_text_color=&#8221;#9fa5d6&#8243; body_line_height=&#8221;2em&#8221; custom_margin=&#8221;||0px&#8221; custom_padding=&#8221;40px||40px||true&#8221; custom_padding_tablet=&#8221;20px||20px||true&#8221; custom_padding_phone=&#8221;&#8221; custom_padding_last_edited=&#8221;on|desktop&#8221; border_width_all=&#8221;0px&#8221; border_color_all=&#8221;#26267c&#8221; border_width_bottom=&#8221;2px&#8221; global_colors_info=&#8221;{}&#8221;]<\/p>\n<ol>\n<li style=\"font-weight: 400;\" aria-level=\"5\"><span style=\"font-weight: 400;\">Tramvai 8, Traseu complet: Gara de Nord &#8211; Ciarda Ro\u0219ie\u00a0<\/span><\/li>\n<li style=\"font-weight: 400;\" aria-level=\"5\"><span style=\"font-weight: 400;\">Tramvai 9, Traseu complet: Gara de Nord &#8211; Ciarda Ro\u0219ie<\/span><\/li>\n<li style=\"font-weight: 400;\" aria-level=\"5\"><span style=\"font-weight: 400;\">Autobuz Express 3, Traseu complet: ELBA &#8211; Apicultorilor<\/span><\/li>\n<li style=\"font-weight: 400;\" aria-level=\"5\"><span style=\"font-weight: 400;\">Troleibuz 15, Traseu complet: Traian Groz\u0103vescu &#8211; M. Constantin Prezan\u00a0<\/span><\/li>\n<li style=\"font-weight: 400;\" aria-level=\"5\"><span style=\"font-weight: 400;\">Troleibuz 16, Traseu complet: Traian Groz\u0103vescu &#8211; B-dul Sudului (bucl\u0103)<\/span><\/li>\n<\/ol>\n<p>[\/et_pb_toggle][\/et_pb_column][et_pb_column type=&#8221;1_2&#8243; _builder_version=&#8221;4.16&#8243; custom_padding=&#8221;|||&#8221; global_colors_info=&#8221;{}&#8221; custom_padding__hover=&#8221;|||&#8221;][et_pb_toggle title=&#8221;Sta\u021bia Casa Tineretului&#8221; open_toggle_background_color=&#8221;rgba(0,0,0,0)&#8221; closed_toggle_background_color=&#8221;rgba(0,0,0,0)&#8221; icon_color=&#8221;#14f1d9&#8243; open_icon_color=&#8221;#14f1d9&#8243; _builder_version=&#8221;4.22.2&#8243; title_text_color=&#8221;#ffffff&#8221; title_font=&#8221;Rubik|500||on|||||&#8221; title_font_size=&#8221;12px&#8221; title_letter_spacing=&#8221;2px&#8221; title_line_height=&#8221;2em&#8221; body_font=&#8221;||||||||&#8221; body_text_color=&#8221;#9fa5d6&#8243; body_line_height=&#8221;2em&#8221; custom_margin=&#8221;||0px&#8221; custom_padding=&#8221;40px||40px||true&#8221; custom_padding_tablet=&#8221;20px||20px||true&#8221; custom_padding_phone=&#8221;&#8221; custom_padding_last_edited=&#8221;on|desktop&#8221; border_width_all=&#8221;0px&#8221; border_color_all=&#8221;#26267c&#8221; border_width_bottom=&#8221;2px&#8221; locked=&#8221;off&#8221; global_colors_info=&#8221;{}&#8221;]<\/p>\n<ol>\n<li style=\"font-weight: 400;\" aria-level=\"5\"><span style=\"font-weight: 400;\">Autobuz Express 2, Traseu complet: Continental &#8211; Ap. Petru si Pavel<\/span><\/li>\n<li style=\"font-weight: 400;\" aria-level=\"5\"><span style=\"font-weight: 400;\">Troleibuz 15, Traseu complet: Traian Groz\u0103vescu &#8211; M. Constantin Prezan\u00a0<\/span><\/li>\n<li style=\"font-weight: 400;\" aria-level=\"5\"><span style=\"font-weight: 400;\">Troleibuz 16, Traseu complet: Traian Groz\u0103vescu &#8211; B-dul Sudului (bucl\u0103)<\/span><\/li>\n<\/ol>\n<p>[\/et_pb_toggle][et_pb_toggle title=&#8221;Sta\u021bia Cluj&#8221; open_toggle_background_color=&#8221;rgba(0,0,0,0)&#8221; closed_toggle_background_color=&#8221;rgba(0,0,0,0)&#8221; icon_color=&#8221;#14f1d9&#8243; open_icon_color=&#8221;#14f1d9&#8243; _builder_version=&#8221;4.22.2&#8243; title_text_color=&#8221;#ffffff&#8221; title_font=&#8221;Rubik|500||on|||||&#8221; title_font_size=&#8221;12px&#8221; title_letter_spacing=&#8221;2px&#8221; title_line_height=&#8221;2em&#8221; body_font=&#8221;||||||||&#8221; body_text_color=&#8221;#9fa5d6&#8243; body_line_height=&#8221;2em&#8221; custom_margin=&#8221;||0px&#8221; custom_padding=&#8221;40px||40px||true&#8221; custom_padding_tablet=&#8221;20px||20px||true&#8221; custom_padding_phone=&#8221;&#8221; custom_padding_last_edited=&#8221;on|desktop&#8221; border_width_all=&#8221;0px&#8221; border_color_all=&#8221;#26267c&#8221; border_width_bottom=&#8221;2px&#8221; locked=&#8221;off&#8221; global_colors_info=&#8221;{}&#8221;]<\/p>\n<ol>\n<li style=\"font-weight: 400;\" aria-level=\"5\"><span style=\"font-weight: 400;\">Tramvai 6, Traseu complet: Pia\u021ba Maria &#8211; Pia\u021ba Traian<\/span><\/li>\n<li style=\"font-weight: 400;\" aria-level=\"5\"><span style=\"font-weight: 400;\">Autobuz Express 3, Traseu complet: ELBA &#8211; Apicultorilor<\/span><\/li>\n<li style=\"font-weight: 400;\" aria-level=\"5\"><span style=\"font-weight: 400;\">Troleibuz 15, Traseu complet: Traian Groz\u0103vescu &#8211; M. Constantin Prezan\u00a0<\/span><\/li>\n<li style=\"font-weight: 400;\" aria-level=\"5\"><span style=\"font-weight: 400;\">Troleibuz 16, Traseu complet: Traian Groz\u0103vescu &#8211; B-dul Sudului (bucl\u0103)<\/span><\/li>\n<\/ol>\n<p>[\/et_pb_toggle][\/et_pb_column][\/et_pb_row][\/et_pb_section][et_pb_section fb_built=&#8221;1&#8243; admin_label=&#8221;FAQ&#8221; _builder_version=&#8221;4.22.2&#8243; background_color=&#8221;#091744&#8243; background_image=&#8221;http:\/\/gameonfestival.ro\/wp-content\/uploads\/2023\/09\/gaming-22.png&#8221; background_size=&#8221;initial&#8221; background_repeat=&#8221;repeat&#8221; custom_padding=&#8221;||7px|||&#8221; bottom_divider_height=&#8221;14vw&#8221; global_colors_info=&#8221;{}&#8221; box_shadow_style__hover=&#8221;none&#8221; box_shadow_style__hover_enabled=&#8221;none&#8221; box_shadow_color__hover=&#8221;rgba(0,0,0,0.3)&#8221; box_shadow_color__hover_enabled=&#8221;rgba(0,0,0,0.3)&#8221;][et_pb_row column_structure=&#8221;1_2,1_2&#8243; _builder_version=&#8221;4.16&#8243; global_colors_info=&#8221;{}&#8221;][et_pb_column type=&#8221;1_2&#8243; _builder_version=&#8221;4.16&#8243; custom_padding=&#8221;|||&#8221; global_colors_info=&#8221;{}&#8221; custom_padding__hover=&#8221;|||&#8221;][et_pb_divider color=&#8221;#14f1d9&#8243; divider_weight=&#8221;4px&#8221; _builder_version=&#8221;4.16&#8243; max_width=&#8221;80px&#8221; height=&#8221;4px&#8221; global_colors_info=&#8221;{}&#8221;][\/et_pb_divider][et_pb_text _builder_version=&#8221;4.22.2&#8243; text_font=&#8221;Lato||||||||&#8221; text_font_size=&#8221;16px&#8221; text_line_height=&#8221;2em&#8221; header_font=&#8221;||||||||&#8221; header_2_font=&#8221;Rubik|700||on|||||&#8221; header_2_font_size=&#8221;42px&#8221; header_2_letter_spacing=&#8221;1px&#8221; header_2_line_height=&#8221;1.3em&#8221; background_layout=&#8221;dark&#8221; header_2_font_size_tablet=&#8221;34px&#8221; header_2_font_size_phone=&#8221;24px&#8221; header_2_font_size_last_edited=&#8221;on|phone&#8221; global_colors_info=&#8221;{}&#8221; header_font_size__hover=&#8221;30px&#8221; header_font_size__hover_enabled=&#8221;30px&#8221; header_letter_spacing__hover=&#8221;0px&#8221; header_letter_spacing__hover_enabled=&#8221;0px&#8221; header_text_shadow_style__hover=&#8221;none&#8221; header_text_shadow_style__hover_enabled=&#8221;none&#8221; header_text_shadow_color__hover=&#8221;rgba(0,0,0,0.4)&#8221; header_text_shadow_color__hover_enabled=&#8221;rgba(0,0,0,0.4)&#8221;]<\/p>\n<h2>Mas\u0103<\/h2>\n<p>[\/et_pb_text][\/et_pb_column][et_pb_column type=&#8221;1_2&#8243; _builder_version=&#8221;4.16&#8243; custom_padding=&#8221;32px|||&#8221; custom_padding_tablet=&#8221;0px|||&#8221; custom_padding_phone=&#8221;&#8221; custom_padding_last_edited=&#8221;on|tablet&#8221; global_colors_info=&#8221;{}&#8221; padding_tablet=&#8221;0px|||&#8221; padding_last_edited=&#8221;on|tablet&#8221; custom_padding__hover=&#8221;|||&#8221; padding_phone=&#8221;0px|||&#8221;][\/et_pb_column][\/et_pb_row][et_pb_row _builder_version=&#8221;4.22.2&#8243; _module_preset=&#8221;default&#8221; global_colors_info=&#8221;{}&#8221;][et_pb_column type=&#8221;4_4&#8243; _builder_version=&#8221;4.22.2&#8243; _module_preset=&#8221;default&#8221; global_colors_info=&#8221;{}&#8221;][et_pb_image src=&#8221;http:\/\/gameonfestival.ro\/wp-content\/uploads\/2023\/11\/Food-Drinks.png&#8221; title_text=&#8221;Food &#038; Drinks&#8221; align=&#8221;center&#8221; _builder_version=&#8221;4.22.2&#8243; _module_preset=&#8221;default&#8221; global_colors_info=&#8221;{}&#8221;][\/et_pb_image][\/et_pb_column][\/et_pb_row][et_pb_row _builder_version=&#8221;4.22.2&#8243; _module_preset=&#8221;default&#8221; global_colors_info=&#8221;{}&#8221;][et_pb_column type=&#8221;4_4&#8243; _builder_version=&#8221;4.22.2&#8243; _module_preset=&#8221;default&#8221; global_colors_info=&#8221;{}&#8221;][et_pb_text _builder_version=&#8221;4.23.4&#8243; _module_preset=&#8221;default&#8221; text_font=&#8221;Rubik|500|||||||&#8221; text_text_color=&#8221;#FFFFFF&#8221; custom_margin=&#8221;|50px||50px|false|true&#8221; hover_enabled=&#8221;0&#8243; global_colors_info=&#8221;{}&#8221; sticky_enabled=&#8221;0&#8243;]<\/p>\n<div class=\"xdj266r x11i5rnm xat24cr x1mh8g0r x1vvkbs x126k92a\">\n<div dir=\"auto\" style=\"text-align: center;\">\u00ce\u021bi satisfacem poftele culinare cu o selec\u021bie special\u0103 de m\u00e2nc\u0103ruri \u0219i b\u0103uturi:<\/div>\n<\/div>\n<div class=\"x11i5rnm xat24cr x1mh8g0r x1vvkbs xtlvy1s x126k92a\" style=\"text-align: center;\">\n<div dir=\"auto\"><a class=\"x1i10hfl xjbqb8w x6umtig x1b1mbwd xaqea5y xav7gou x9f619 x1ypdohk xt0psk2 xe8uvvx xdj266r x11i5rnm xat24cr x1mh8g0r xexx8yu x4uap5 x18d9i69 xkhd6sd x16tdsg8 x1hl2dhg xggy1nq x1a2a7pz xt0b8zv x1qq9wsj xo1l8bm\" href=\"https:\/\/www.facebook.com\/RADNOVI?__cft__[0]=AZXyjos4jn1uI6lwlklYnLLYXe4FA_RGNUcj7p-e2SQAdQ_4wWr2aMtkOmxvA-8Qd81b-c8pHwgiFlCmSJfaTiFVEHdLeUFXVlHYmkO4ObpqY9YLGsnB2ZvajSETo8VHYN-QxblcWqvzSa8K6NzEoZfKUTN57ai6D2MEnK42fkKqmF10hjTqqdawLVzF0KPwYL4&amp;__tn__=-]K-R\" role=\"link\" tabindex=\"0\"><span class=\"xt0psk2\">Comoara cu clatite<\/span><\/a><\/div>\n<\/div>\n<div class=\"x11i5rnm xat24cr x1mh8g0r x1vvkbs xtlvy1s x126k92a\" style=\"text-align: center;\">\n<div dir=\"auto\">Nu rata ocazia de a te distra la Game ON! Festival, dar \u0219i de a te delecta cu gusto\u0219enii!<\/div>\n<\/div>\n<div class=\"x11i5rnm xat24cr x1mh8g0r x1vvkbs xtlvy1s x126k92a\" style=\"text-align: center;\"><\/div>\n<div class=\"x11i5rnm xat24cr x1mh8g0r x1vvkbs xtlvy1s x126k92a\">\n<div dir=\"auto\" style=\"text-align: center;\"><\/div>\n<\/div>\n<p>[\/et_pb_text][et_pb_text _builder_version=&#8221;4.23.4&#8243; _module_preset=&#8221;default&#8221; text_font=&#8221;Rubik|500|||||||&#8221; text_text_color=&#8221;#FFFFFF&#8221; custom_margin=&#8221;|50px||50px|false|true&#8221; hover_enabled=&#8221;0&#8243; global_colors_info=&#8221;{}&#8221; sticky_enabled=&#8221;0&#8243;]<\/p>\n<p style=\"text-align: center;\"><span style=\"font-weight: 400;\">B\u0103uturile r\u0103coritoare pot fi achizi\u021bionate direct din spa\u021biul festivalului sau de la magazinele din apropiere.<\/span><\/p>\n<p>[\/et_pb_text][\/et_pb_column][\/et_pb_row][\/et_pb_section][et_pb_section fb_built=&#8221;1&#8243; next_background_color=&#8221;#ffffff&#8221; admin_label=&#8221;FAQ&#8221; _builder_version=&#8221;4.16&#8243; background_color=&#8221;#091744&#8243; background_image=&#8221;http:\/\/gameonfestival.ro\/wp-content\/uploads\/2023\/09\/gaming-22.png&#8221; background_size=&#8221;initial&#8221; background_repeat=&#8221;repeat&#8221; custom_padding=&#8221;5px|||||&#8221; bottom_divider_style=&#8221;ramp2&#8243; bottom_divider_height=&#8221;14vw&#8221; global_colors_info=&#8221;{}&#8221; box_shadow_style__hover=&#8221;none&#8221; box_shadow_style__hover_enabled=&#8221;none&#8221; box_shadow_color__hover=&#8221;rgba(0,0,0,0.3)&#8221; box_shadow_color__hover_enabled=&#8221;rgba(0,0,0,0.3)&#8221;][et_pb_row column_structure=&#8221;1_2,1_2&#8243; _builder_version=&#8221;4.16&#8243; global_colors_info=&#8221;{}&#8221;][et_pb_column type=&#8221;1_2&#8243; _builder_version=&#8221;4.16&#8243; custom_padding=&#8221;|||&#8221; global_colors_info=&#8221;{}&#8221; custom_padding__hover=&#8221;|||&#8221;][et_pb_divider color=&#8221;#14f1d9&#8243; divider_weight=&#8221;4px&#8221; _builder_version=&#8221;4.16&#8243; max_width=&#8221;80px&#8221; height=&#8221;4px&#8221; global_colors_info=&#8221;{}&#8221;][\/et_pb_divider][et_pb_text _builder_version=&#8221;4.22.2&#8243; text_font=&#8221;Lato||||||||&#8221; text_font_size=&#8221;16px&#8221; text_line_height=&#8221;2em&#8221; header_font=&#8221;||||||||&#8221; header_2_font=&#8221;Rubik|700||on|||||&#8221; header_2_font_size=&#8221;42px&#8221; header_2_letter_spacing=&#8221;1px&#8221; header_2_line_height=&#8221;1.3em&#8221; background_layout=&#8221;dark&#8221; header_2_font_size_tablet=&#8221;34px&#8221; header_2_font_size_phone=&#8221;24px&#8221; header_2_font_size_last_edited=&#8221;on|phone&#8221; global_colors_info=&#8221;{}&#8221; header_font_size__hover=&#8221;30px&#8221; header_font_size__hover_enabled=&#8221;30px&#8221; header_letter_spacing__hover=&#8221;0px&#8221; header_letter_spacing__hover_enabled=&#8221;0px&#8221; header_text_shadow_style__hover=&#8221;none&#8221; header_text_shadow_style__hover_enabled=&#8221;none&#8221; header_text_shadow_color__hover=&#8221;rgba(0,0,0,0.4)&#8221; header_text_shadow_color__hover_enabled=&#8221;rgba(0,0,0,0.4)&#8221;]<\/p>\n<h2>Cazare<\/h2>\n<p>[\/et_pb_text][\/et_pb_column][et_pb_column type=&#8221;1_2&#8243; _builder_version=&#8221;4.16&#8243; custom_padding=&#8221;32px|||&#8221; custom_padding_tablet=&#8221;0px|||&#8221; custom_padding_phone=&#8221;&#8221; custom_padding_last_edited=&#8221;on|tablet&#8221; global_colors_info=&#8221;{}&#8221; padding_tablet=&#8221;0px|||&#8221; padding_last_edited=&#8221;on|tablet&#8221; custom_padding__hover=&#8221;|||&#8221; padding_phone=&#8221;0px|||&#8221;][\/et_pb_column][\/et_pb_row][et_pb_row _builder_version=&#8221;4.22.2&#8243; _module_preset=&#8221;default&#8221; global_colors_info=&#8221;{}&#8221;][et_pb_column type=&#8221;4_4&#8243; _builder_version=&#8221;4.22.2&#8243; _module_preset=&#8221;default&#8221; global_colors_info=&#8221;{}&#8221;][et_pb_text _builder_version=&#8221;4.22.2&#8243; _module_preset=&#8221;default&#8221; text_font=&#8221;Rubik|500|||||||&#8221; text_text_color=&#8221;#FFFFFF&#8221; custom_margin=&#8221;|50px||50px|false|true&#8221; global_colors_info=&#8221;{}&#8221;]<\/p>\n<p style=\"text-align: center;\"><span style=\"font-weight: 400;\">Dac\u0103 vii din afara Timi\u0219oarei \u0219i cau\u021bi cea mai potrivit\u0103 cazare, noi te ajut\u0103m cu o list\u0103 a spa\u021biilor aflate \u00een apropiere. Preciz\u0103m faptul c\u0103 nu avem colabor\u0103ri cu loca\u021bii de cazare \u0219i, implicit, nu recomand\u0103m vreuna, doar \u00eencerc\u0103m s\u0103 te d\u0103m o m\u00e2n\u0103 de ajutor \u00een g\u0103sirea unor loca\u021bii de cazare care este situat\u0103 \u00een apropierea locului unde se va desf\u0103\u0219ura evenimentul.<\/span><\/p>\n<p>[\/et_pb_text][et_pb_code _builder_version=&#8221;4.22.2&#8243; _module_preset=&#8221;default&#8221; global_colors_info=&#8221;{}&#8221;]<iframe src=\"https:\/\/www.google.com\/maps\/embed?pb=!1m12!1m8!1m3!1d5569.092845345244!2d21.2421376!3d45.7401904!3m2!1i1024!2i768!4f13.1!2m1!1scazare!5e0!3m2!1sen!2sro!4v1699643370796!5m2!1sen!2sro\" width=\"100%\" height=\"500\" style=\"border:0;\" allowfullscreen=\"\" loading=\"lazy\" referrerpolicy=\"no-referrer-when-downgrade\"><\/iframe>[\/et_pb_code][\/et_pb_column][\/et_pb_row][\/et_pb_section]<\/p>\n","protected":false},"excerpt":{"rendered":"<p>INFORMA\u021aII DESPRE TRANSPORT, MAS\u0102 \u0218I CAZARETransport Tramvai 8, Traseu complet: Gara de Nord &#8211; Ciarda Ro\u0219ie\u00a0 Tramvai 9, Traseu complet: Gara de Nord &#8211; Ciarda Ro\u0219ie Autobuz Express 2, Traseu complet: Continental &#8211; Ap. Petru si Pavel Troleibuz 15, Traseu complet: Traian Groz\u0103vescu &#8211; M. Constantin Prezan\u00a0 Troleibuz 16, Traseu complet: Traian Groz\u0103vescu &#8211; B-dul [&hellip;]<\/p>\n","protected":false},"author":1,"featured_media":0,"parent":749,"menu_order":0,"comment_status":"closed","ping_status":"closed","template":"","meta":{"_et_pb_use_builder":"on","_et_pb_old_content":"","_et_gb_content_width":"","_monsterinsights_skip_tracking":false,"_monsterinsights_sitenote_active":false,"_monsterinsights_sitenote_note":"","_monsterinsights_sitenote_category":0,"footnotes":""},"aioseo_notices":[],"_links":{"self":[{"href":"https:\/\/gameonfestival.ro\/index.php\/wp-json\/wp\/v2\/pages\/816"}],"collection":[{"href":"https:\/\/gameonfestival.ro\/index.php\/wp-json\/wp\/v2\/pages"}],"about":[{"href":"https:\/\/gameonfestival.ro\/index.php\/wp-json\/wp\/v2\/types\/page"}],"author":[{"embeddable":true,"href":"https:\/\/gameonfestival.ro\/index.php\/wp-json\/wp\/v2\/users\/1"}],"replies":[{"embeddable":true,"href":"https:\/\/gameonfestival.ro\/index.php\/wp-json\/wp\/v2\/comments?post=816"}],"version-history":[{"count":17,"href":"https:\/\/gameonfestival.ro\/index.php\/wp-json\/wp\/v2\/pages\/816\/revisions"}],"predecessor-version":[{"id":2622,"href":"https:\/\/gameonfestival.ro\/index.php\/wp-json\/wp\/v2\/pages\/816\/revisions\/2622"}],"up":[{"embeddable":true,"href":"https:\/\/gameonfestival.ro\/index.php\/wp-json\/wp\/v2\/pages\/749"}],"wp:attachment":[{"href":"https:\/\/gameonfestival.ro\/index.php\/wp-json\/wp\/v2\/media?parent=816"}],"curies":[{"name":"wp","href":"https:\/\/api.w.org\/{rel}","templated":true}]}}